{"id":91135,"date":"2025-12-05T01:40:24","date_gmt":"2025-12-04T22:40:24","guid":{"rendered":"https:\/\/baldumarket.lt\/product\/naroznik-sosnowy-nr114-sosna-olcha-3\/"},"modified":"2026-02-04T00:04:56","modified_gmt":"2026-02-03T21:04:56","slug":"naroznik-sosnowy-nr114-sosna-olcha-3","status":"publish","type":"product","link":"https:\/\/baldumarket.lt\/lt\/product\/naroznik-sosnowy-nr114-sosna-olcha-3\/","title":{"rendered":"Pu\u0161in\u0117 kampin\u0117 sofa NR114 pu\u0161is-alksnis"},"content":{"rendered":"<p>NR114 taburet\u0117 pagaminta i\u0161 pu\u0161ies masyvo su apmu\u0161ta s\u0117dyne. Kartu su NR111 kampine sofa ir ST104 stalu galite sukurti komplekt\u0105, kuriame tilps dar daugiau sve\u010di\u0173.<\/p>","protected":false},"excerpt":{"rendered":"<p>NR114 taburet\u0117 pagaminta i\u0161 pu\u0161ies masyvo su apmu\u0161ta s\u0117dyne. Kartu su NR111 kampine sofa ir ST104 stalu galite sukurti komplekt\u0105, kuriame tilps dar daugiau sve\u010di\u0173.<\/p>","protected":false},"featured_media":91129,"comment_status":"open","ping_status":"open","template":"","meta":[],"product_brand":[],"product_cat":[9307,1930,2113],"product_tag":[],"class_list":{"0":"post-91135","1":"product","2":"type-product","3":"status-publish","4":"has-post-thumbnail","6":"product_cat-garden-furniture-drewmax","7":"product_cat-chairs","8":"product_cat-drewmax","10":"first","11":"instock","12":"purchasable","13":"product-type-simple"},"_links":{"self":[{"href":"https:\/\/baldumarket.lt\/lt\/wp-json\/wp\/v2\/product\/91135","targetHints":{"allow":["GET"]}}],"collection":[{"href":"https:\/\/baldumarket.lt\/lt\/wp-json\/wp\/v2\/product"}],"about":[{"href":"https:\/\/baldumarket.lt\/lt\/wp-json\/wp\/v2\/types\/product"}],"replies":[{"embeddable":true,"href":"https:\/\/baldumarket.lt\/lt\/wp-json\/wp\/v2\/comments?post=91135"}],"wp:featuredmedia":[{"embeddable":true,"href":"https:\/\/baldumarket.lt\/lt\/wp-json\/wp\/v2\/media\/91129"}],"wp:attachment":[{"href":"https:\/\/baldumarket.lt\/lt\/wp-json\/wp\/v2\/media?parent=91135"}],"wp:term":[{"taxonomy":"product_brand","embeddable":true,"href":"https:\/\/baldumarket.lt\/lt\/wp-json\/wp\/v2\/product_brand?post=91135"},{"taxonomy":"product_cat","embeddable":true,"href":"https:\/\/baldumarket.lt\/lt\/wp-json\/wp\/v2\/product_cat?post=91135"},{"taxonomy":"product_tag","embeddable":true,"href":"https:\/\/baldumarket.lt\/lt\/wp-json\/wp\/v2\/product_tag?post=91135"}],"curies":[{"name":"wp","href":"https:\/\/api.w.org\/{rel}","templated":true}]}}