{"id":91088,"date":"2025-12-05T01:39:30","date_gmt":"2025-12-04T22:39:30","guid":{"rendered":"https:\/\/baldumarket.lt\/product\/polka-debowa-vip-pk311-dab-dark\/"},"modified":"2026-02-04T00:05:07","modified_gmt":"2026-02-03T21:05:07","slug":"polka-debowa-vip-pk311-dab-dark","status":"publish","type":"product","link":"https:\/\/baldumarket.lt\/lt\/product\/polka-debowa-vip-pk311-dab-dark\/","title":{"rendered":"VIP PK311 tamsaus \u0105\u017euolo lentyna"},"content":{"rendered":"<p>PK311 sienin\u0117 lentyna \u2013 puikus b\u016bdas funkcionaliai sutvarkyti sien\u0105, ypa\u010d kai erdv\u0117 ribota. Pagaminta i\u0161 \u0105\u017euolo medienos, \u0161i lentyna pasi\u017eymi modernia i\u0161vaizda, kuri pabr\u0117\u0161 j\u016bs\u0173 interjero stili\u0173 ir bus \u012fdomus dekoratyvinis elementas.<\/p>","protected":false},"excerpt":{"rendered":"<p>PK311 sienin\u0117 lentyna \u2013 puikus b\u016bdas funkcionaliai sutvarkyti sien\u0105, ypa\u010d kai erdv\u0117 ribota. Pagaminta i\u0161 \u0105\u017euolo medienos, \u0161i lentyna pasi\u017eymi modernia i\u0161vaizda, kuri pabr\u0117\u0161 j\u016bs\u0173 interjero stili\u0173 ir bus \u012fdomus dekoratyvinis elementas.<\/p>","protected":false},"featured_media":91089,"comment_status":"open","ping_status":"open","template":"","meta":[],"product_brand":[],"product_cat":[9314,9303,2113,1174],"product_tag":[],"class_list":{"0":"post-91088","1":"product","2":"type-product","3":"status-publish","4":"has-post-thumbnail","6":"product_cat-kolekcja-vip-drewmax","7":"product_cat-oak-furniture-drewmax","8":"product_cat-drewmax","9":"product_cat-hanging-shelves","11":"first","12":"instock","13":"purchasable","14":"product-type-simple"},"_links":{"self":[{"href":"https:\/\/baldumarket.lt\/lt\/wp-json\/wp\/v2\/product\/91088","targetHints":{"allow":["GET"]}}],"collection":[{"href":"https:\/\/baldumarket.lt\/lt\/wp-json\/wp\/v2\/product"}],"about":[{"href":"https:\/\/baldumarket.lt\/lt\/wp-json\/wp\/v2\/types\/product"}],"replies":[{"embeddable":true,"href":"https:\/\/baldumarket.lt\/lt\/wp-json\/wp\/v2\/comments?post=91088"}],"wp:featuredmedia":[{"embeddable":true,"href":"https:\/\/baldumarket.lt\/lt\/wp-json\/wp\/v2\/media\/91089"}],"wp:attachment":[{"href":"https:\/\/baldumarket.lt\/lt\/wp-json\/wp\/v2\/media?parent=91088"}],"wp:term":[{"taxonomy":"product_brand","embeddable":true,"href":"https:\/\/baldumarket.lt\/lt\/wp-json\/wp\/v2\/product_brand?post=91088"},{"taxonomy":"product_cat","embeddable":true,"href":"https:\/\/baldumarket.lt\/lt\/wp-json\/wp\/v2\/product_cat?post=91088"},{"taxonomy":"product_tag","embeddable":true,"href":"https:\/\/baldumarket.lt\/lt\/wp-json\/wp\/v2\/product_tag?post=91088"}],"curies":[{"name":"wp","href":"https:\/\/api.w.org\/{rel}","templated":true}]}}