{"id":91079,"date":"2025-12-05T01:39:20","date_gmt":"2025-12-04T22:39:20","guid":{"rendered":"https:\/\/baldumarket.lt\/product\/polka-debowa-vip-pk312-dab-kakao\/"},"modified":"2026-02-04T00:05:09","modified_gmt":"2026-02-03T21:05:09","slug":"polka-debowa-vip-pk312-dab-kakao","status":"publish","type":"product","link":"https:\/\/baldumarket.lt\/lt\/product\/polka-debowa-vip-pk312-dab-kakao\/","title":{"rendered":"VIP PK312 \u0105\u017euolin\u0117 lentyna kakavos spalvos \u0105\u017euolas"},"content":{"rendered":"<p>\u0104\u017euolin\u0117 sienin\u0117 lentyna PK312 \u2013 puikus b\u016bdas funkcionaliai sutvarkyti sien\u0105, ypa\u010d kai erdv\u0117 ribota. Pagaminta i\u0161 nat\u016bralios medienos, ji suteiks \u0161ilumos bet kuriam kambariui, kuriame bus eksponuojama. \u0160is ma\u017eas baldas turi mil\u017eini\u0161k\u0105 potencial\u0105. Jis gali b\u016bti naudojamas visai sienai papuo\u0161ti ir pad\u0117ti laikyti smulkius daiktus, tokius kaip knygos ar \u0161eimos relikvijos.<\/p>","protected":false},"excerpt":{"rendered":"<p>\u0104\u017euolin\u0117 sienin\u0117 lentyna PK312 \u2013 puikus b\u016bdas funkcionaliai sutvarkyti sien\u0105, ypa\u010d kai erdv\u0117 ribota. Pagaminta i\u0161 nat\u016bralios medienos, ji suteiks \u0161ilumos bet kuriam kambariui, kuriame bus eksponuojama. \u0160is ma\u017eas baldas turi mil\u017eini\u0161k\u0105 potencial\u0105. Jis gali b\u016bti naudojamas visai sienai papuo\u0161ti ir pad\u0117ti laikyti smulkius [\u2026]<\/p>","protected":false},"featured_media":91078,"comment_status":"open","ping_status":"open","template":"","meta":[],"product_brand":[],"product_cat":[9314,9305,2113,1174],"product_tag":[],"class_list":{"0":"post-91079","1":"product","2":"type-product","3":"status-publish","4":"has-post-thumbnail","6":"product_cat-kolekcja-vip-drewmax","7":"product_cat-pine-furniture-drewmax","8":"product_cat-drewmax","9":"product_cat-hanging-shelves","11":"first","12":"instock","13":"purchasable","14":"product-type-simple"},"_links":{"self":[{"href":"https:\/\/baldumarket.lt\/lt\/wp-json\/wp\/v2\/product\/91079","targetHints":{"allow":["GET"]}}],"collection":[{"href":"https:\/\/baldumarket.lt\/lt\/wp-json\/wp\/v2\/product"}],"about":[{"href":"https:\/\/baldumarket.lt\/lt\/wp-json\/wp\/v2\/types\/product"}],"replies":[{"embeddable":true,"href":"https:\/\/baldumarket.lt\/lt\/wp-json\/wp\/v2\/comments?post=91079"}],"wp:featuredmedia":[{"embeddable":true,"href":"https:\/\/baldumarket.lt\/lt\/wp-json\/wp\/v2\/media\/91078"}],"wp:attachment":[{"href":"https:\/\/baldumarket.lt\/lt\/wp-json\/wp\/v2\/media?parent=91079"}],"wp:term":[{"taxonomy":"product_brand","embeddable":true,"href":"https:\/\/baldumarket.lt\/lt\/wp-json\/wp\/v2\/product_brand?post=91079"},{"taxonomy":"product_cat","embeddable":true,"href":"https:\/\/baldumarket.lt\/lt\/wp-json\/wp\/v2\/product_cat?post=91079"},{"taxonomy":"product_tag","embeddable":true,"href":"https:\/\/baldumarket.lt\/lt\/wp-json\/wp\/v2\/product_tag?post=91079"}],"curies":[{"name":"wp","href":"https:\/\/api.w.org\/{rel}","templated":true}]}}