{"id":91036,"date":"2025-12-05T01:38:37","date_gmt":"2025-12-04T22:38:37","guid":{"rendered":"https:\/\/baldumarket.lt\/product\/polka-sosnowa-pk104-sosna-orzech-2\/"},"modified":"2026-02-04T00:05:19","modified_gmt":"2026-02-03T21:05:19","slug":"polka-sosnowa-pk104-sosna-orzech-2","status":"publish","type":"product","link":"https:\/\/baldumarket.lt\/lt\/product\/polka-sosnowa-pk104-sosna-orzech-2\/","title":{"rendered":"Pu\u0161in\u0117 lentyna PK104 pu\u0161ies rie\u0161uto spalvos"},"content":{"rendered":"<p>PK104 pu\u0161ies sienin\u0117 lentyna derina gro\u017e\u012f ir funkcionalum\u0105. Nat\u016brali mediena, i\u0161 kurios ji pagaminta, suteikia jai unikal\u0173 skon\u012f bet kokiam interjerui ir yra dekoratyvinis elementas. Sukurta taip, kad joje tilpt\u0173 kuo daugiau nam\u0173 apyvokos daikt\u0173 ir suvenyr\u0173, ji yra ne\u012ftik\u0117tinai prakti\u0161ka, ypa\u010d \u012frengiant ma\u017eas erdves.<\/p>","protected":false},"excerpt":{"rendered":"<p>PK104 pu\u0161ies sienin\u0117 lentyna derina gro\u017e\u012f ir funkcionalum\u0105. Nat\u016brali mediena, i\u0161 kurios ji pagaminta, suteikia jai unikal\u0173 skon\u012f bet kokiam interjerui ir yra dekoratyvinis elementas. Sukurta taip, kad joje tilpt\u0173 kuo daugiau nam\u0173 apyvokos daikt\u0173 ir suvenyr\u0173, ji yra ne\u012ftik\u0117tinai prakti\u0161ka, ypa\u010d \u012frengiant ma\u017eas erdves.<\/p>","protected":false},"featured_media":91025,"comment_status":"open","ping_status":"open","template":"","meta":[],"product_brand":[],"product_cat":[9305,2113,1174],"product_tag":[],"class_list":{"0":"post-91036","1":"product","2":"type-product","3":"status-publish","4":"has-post-thumbnail","6":"product_cat-pine-furniture-drewmax","7":"product_cat-drewmax","8":"product_cat-hanging-shelves","10":"first","11":"instock","12":"purchasable","13":"product-type-simple"},"_links":{"self":[{"href":"https:\/\/baldumarket.lt\/lt\/wp-json\/wp\/v2\/product\/91036","targetHints":{"allow":["GET"]}}],"collection":[{"href":"https:\/\/baldumarket.lt\/lt\/wp-json\/wp\/v2\/product"}],"about":[{"href":"https:\/\/baldumarket.lt\/lt\/wp-json\/wp\/v2\/types\/product"}],"replies":[{"embeddable":true,"href":"https:\/\/baldumarket.lt\/lt\/wp-json\/wp\/v2\/comments?post=91036"}],"wp:featuredmedia":[{"embeddable":true,"href":"https:\/\/baldumarket.lt\/lt\/wp-json\/wp\/v2\/media\/91025"}],"wp:attachment":[{"href":"https:\/\/baldumarket.lt\/lt\/wp-json\/wp\/v2\/media?parent=91036"}],"wp:term":[{"taxonomy":"product_brand","embeddable":true,"href":"https:\/\/baldumarket.lt\/lt\/wp-json\/wp\/v2\/product_brand?post=91036"},{"taxonomy":"product_cat","embeddable":true,"href":"https:\/\/baldumarket.lt\/lt\/wp-json\/wp\/v2\/product_cat?post=91036"},{"taxonomy":"product_tag","embeddable":true,"href":"https:\/\/baldumarket.lt\/lt\/wp-json\/wp\/v2\/product_tag?post=91036"}],"curies":[{"name":"wp","href":"https:\/\/api.w.org\/{rel}","templated":true}]}}