{"id":90989,"date":"2025-12-05T01:37:50","date_gmt":"2025-12-04T22:37:50","guid":{"rendered":"https:\/\/baldumarket.lt\/product\/polka-sosnowa-pk118-sosna-grey\/"},"modified":"2026-02-04T00:05:29","modified_gmt":"2026-02-03T21:05:29","slug":"polka-sosnowa-pk118-sosna-grey","status":"publish","type":"product","link":"https:\/\/baldumarket.lt\/lt\/product\/polka-sosnowa-pk118-sosna-grey\/","title":{"rendered":"Pu\u0161in\u0117 lentyna PK118 pu\u0161ies pilka"},"content":{"rendered":"<p>PK118 pu\u0161in\u0117 sienin\u0117 lentyna derina gro\u017e\u012f ir funkcionalum\u0105. Nat\u016brali mediena suteikia jai unikalumo bet kokiam interjerui ir yra dekoratyvinis elementas. Sukurta taip, kad joje tilpt\u0173 kuo daugiau nam\u0173 apyvokos daikt\u0173, ji turi prakti\u0161kus stal\u010dius smulkiems daiktams, pavyzd\u017eiui, raktams, ir kabliukus drabu\u017eiams, tod\u0117l puikiai tinka prie\u0161kambariui.<\/p>","protected":false},"excerpt":{"rendered":"<p>PK118 pu\u0161in\u0117 sienin\u0117 lentyna sujungia gro\u017e\u012f ir funkcionalum\u0105. Nat\u016brali mediena suteikia jai unikal\u0173 \u012fvaizd\u012f bet kokiame interjere ir yra dekoratyvinis elementas. Sukurta taip, kad joje tilpt\u0173 kuo daugiau nam\u0173 apyvokos daikt\u0173, ji turi prakti\u0161kus stal\u010dius smulkiems daiktams, pavyzd\u017eiui, raktams, ir kabliukus drabu\u017eiams, tod\u0117l idealiai tinka [\u2026]<\/p>","protected":false},"featured_media":90978,"comment_status":"open","ping_status":"open","template":"","meta":[],"product_brand":[],"product_cat":[9305,2113,1174],"product_tag":[],"class_list":{"0":"post-90989","1":"product","2":"type-product","3":"status-publish","4":"has-post-thumbnail","6":"product_cat-pine-furniture-drewmax","7":"product_cat-drewmax","8":"product_cat-hanging-shelves","10":"first","11":"instock","12":"purchasable","13":"product-type-simple"},"_links":{"self":[{"href":"https:\/\/baldumarket.lt\/lt\/wp-json\/wp\/v2\/product\/90989","targetHints":{"allow":["GET"]}}],"collection":[{"href":"https:\/\/baldumarket.lt\/lt\/wp-json\/wp\/v2\/product"}],"about":[{"href":"https:\/\/baldumarket.lt\/lt\/wp-json\/wp\/v2\/types\/product"}],"replies":[{"embeddable":true,"href":"https:\/\/baldumarket.lt\/lt\/wp-json\/wp\/v2\/comments?post=90989"}],"wp:featuredmedia":[{"embeddable":true,"href":"https:\/\/baldumarket.lt\/lt\/wp-json\/wp\/v2\/media\/90978"}],"wp:attachment":[{"href":"https:\/\/baldumarket.lt\/lt\/wp-json\/wp\/v2\/media?parent=90989"}],"wp:term":[{"taxonomy":"product_brand","embeddable":true,"href":"https:\/\/baldumarket.lt\/lt\/wp-json\/wp\/v2\/product_brand?post=90989"},{"taxonomy":"product_cat","embeddable":true,"href":"https:\/\/baldumarket.lt\/lt\/wp-json\/wp\/v2\/product_cat?post=90989"},{"taxonomy":"product_tag","embeddable":true,"href":"https:\/\/baldumarket.lt\/lt\/wp-json\/wp\/v2\/product_tag?post=90989"}],"curies":[{"name":"wp","href":"https:\/\/api.w.org\/{rel}","templated":true}]}}