{"id":90955,"date":"2025-12-05T01:37:14","date_gmt":"2025-12-04T22:37:14","guid":{"rendered":"https:\/\/baldumarket.lt\/product\/polka-sosnowa-pk150-sosna-naturalny\/"},"modified":"2026-02-04T00:05:37","modified_gmt":"2026-02-03T21:05:37","slug":"polka-sosnowa-pk150-sosna-naturalny","status":"publish","type":"product","link":"https:\/\/baldumarket.lt\/lt\/product\/polka-sosnowa-pk150-sosna-naturalny\/","title":{"rendered":"Pu\u0161in\u0117 lentyna PK150 nat\u016brali pu\u0161is"},"content":{"rendered":"<p>PK150 pu\u0161ies sienin\u0117 lentyna \u2013 puikus b\u016bdas funkcionaliai sutvarkyti sien\u0105, ypa\u010d kai erdv\u0117 ribota. Pagaminta i\u0161 nat\u016bralios medienos, lentyna sukurs unikali\u0105 atmosfer\u0105 j\u016bs\u0173 namuose, o i\u0161skirtinis pu\u0161ies ra\u0161tas suteiks interjerui \u0161ilumos. Gra\u017ei ir prakti\u0161ka, ji puikiai tinka knygoms laikyti ar \u0161eimos relikvijoms eksponuoti.<\/p>","protected":false},"excerpt":{"rendered":"<p>PK150 pu\u0161in\u0117 sienin\u0117 lentyna \u2013 puikus b\u016bdas funkcionaliai sutvarkyti sien\u0105, ypa\u010d kai erdv\u0117 ribota. Pagaminta i\u0161 nat\u016bralios medienos, lentyna sukurs unikali\u0105 atmosfer\u0105 j\u016bs\u0173 namuose, o i\u0161skirtinis pu\u0161ies ra\u0161tas suteiks interjerui \u0161ilumos. Gra\u017ei ir prakti\u0161ka, ji puikiai tinka knygoms ar [\u2026] laikyti.<\/p>","protected":false},"featured_media":90953,"comment_status":"open","ping_status":"open","template":"","meta":[],"product_brand":[],"product_cat":[9305,2113,1174],"product_tag":[],"class_list":{"0":"post-90955","1":"product","2":"type-product","3":"status-publish","4":"has-post-thumbnail","6":"product_cat-pine-furniture-drewmax","7":"product_cat-drewmax","8":"product_cat-hanging-shelves","10":"first","11":"instock","12":"purchasable","13":"product-type-simple"},"_links":{"self":[{"href":"https:\/\/baldumarket.lt\/lt\/wp-json\/wp\/v2\/product\/90955","targetHints":{"allow":["GET"]}}],"collection":[{"href":"https:\/\/baldumarket.lt\/lt\/wp-json\/wp\/v2\/product"}],"about":[{"href":"https:\/\/baldumarket.lt\/lt\/wp-json\/wp\/v2\/types\/product"}],"replies":[{"embeddable":true,"href":"https:\/\/baldumarket.lt\/lt\/wp-json\/wp\/v2\/comments?post=90955"}],"wp:featuredmedia":[{"embeddable":true,"href":"https:\/\/baldumarket.lt\/lt\/wp-json\/wp\/v2\/media\/90953"}],"wp:attachment":[{"href":"https:\/\/baldumarket.lt\/lt\/wp-json\/wp\/v2\/media?parent=90955"}],"wp:term":[{"taxonomy":"product_brand","embeddable":true,"href":"https:\/\/baldumarket.lt\/lt\/wp-json\/wp\/v2\/product_brand?post=90955"},{"taxonomy":"product_cat","embeddable":true,"href":"https:\/\/baldumarket.lt\/lt\/wp-json\/wp\/v2\/product_cat?post=90955"},{"taxonomy":"product_tag","embeddable":true,"href":"https:\/\/baldumarket.lt\/lt\/wp-json\/wp\/v2\/product_tag?post=90955"}],"curies":[{"name":"wp","href":"https:\/\/api.w.org\/{rel}","templated":true}]}}