{"id":90950,"date":"2025-12-05T01:37:09","date_gmt":"2025-12-04T22:37:09","guid":{"rendered":"https:\/\/baldumarket.lt\/product\/polka-sosnowa-pk131-sosna-orzech\/"},"modified":"2026-02-04T00:05:38","modified_gmt":"2026-02-03T21:05:38","slug":"polka-sosnowa-pk131-sosna-orzech","status":"publish","type":"product","link":"https:\/\/baldumarket.lt\/lt\/product\/polka-sosnowa-pk131-sosna-orzech\/","title":{"rendered":"Pu\u0161in\u0117 lentyna PK131 pu\u0161ies rie\u0161utmed\u017eio"},"content":{"rendered":"<p>Kampin\u0117 sienin\u0117 lentyna PK131 i\u0161siskiria unikaliu dizainu. Nepaisant ma\u017eo dyd\u017eio, ji suteiks unikalaus \u017eavesio bet kuriam kambariui, kuriame bus eksponuojama. Ji taip pat yra ideali vieta laikyti knygas ar \u0161eimos relikvijas.<\/p>","protected":false},"excerpt":{"rendered":"<p>Kampin\u0117 sienin\u0117 lentyna PK131 i\u0161siskiria unikaliu dizainu. Nepaisant ma\u017eo dyd\u017eio, ji suteiks unikalaus \u017eavesio bet kuriam kambariui, kuriame bus eksponuojama. Ji taip pat yra ideali vieta laikyti knygas ar \u0161eimos relikvijas.<\/p>","protected":false},"featured_media":90951,"comment_status":"open","ping_status":"open","template":"","meta":[],"product_brand":[],"product_cat":[9305,2113,1174],"product_tag":[],"class_list":{"0":"post-90950","1":"product","2":"type-product","3":"status-publish","4":"has-post-thumbnail","6":"product_cat-pine-furniture-drewmax","7":"product_cat-drewmax","8":"product_cat-hanging-shelves","10":"first","11":"instock","12":"purchasable","13":"product-type-simple"},"_links":{"self":[{"href":"https:\/\/baldumarket.lt\/lt\/wp-json\/wp\/v2\/product\/90950","targetHints":{"allow":["GET"]}}],"collection":[{"href":"https:\/\/baldumarket.lt\/lt\/wp-json\/wp\/v2\/product"}],"about":[{"href":"https:\/\/baldumarket.lt\/lt\/wp-json\/wp\/v2\/types\/product"}],"replies":[{"embeddable":true,"href":"https:\/\/baldumarket.lt\/lt\/wp-json\/wp\/v2\/comments?post=90950"}],"wp:featuredmedia":[{"embeddable":true,"href":"https:\/\/baldumarket.lt\/lt\/wp-json\/wp\/v2\/media\/90951"}],"wp:attachment":[{"href":"https:\/\/baldumarket.lt\/lt\/wp-json\/wp\/v2\/media?parent=90950"}],"wp:term":[{"taxonomy":"product_brand","embeddable":true,"href":"https:\/\/baldumarket.lt\/lt\/wp-json\/wp\/v2\/product_brand?post=90950"},{"taxonomy":"product_cat","embeddable":true,"href":"https:\/\/baldumarket.lt\/lt\/wp-json\/wp\/v2\/product_cat?post=90950"},{"taxonomy":"product_tag","embeddable":true,"href":"https:\/\/baldumarket.lt\/lt\/wp-json\/wp\/v2\/product_tag?post=90950"}],"curies":[{"name":"wp","href":"https:\/\/api.w.org\/{rel}","templated":true}]}}