{"id":90937,"date":"2025-12-05T01:36:53","date_gmt":"2025-12-04T22:36:53","guid":{"rendered":"https:\/\/baldumarket.lt\/product\/regal-metalowo-debowy-metal-rg370-dab-kakao\/"},"modified":"2026-02-04T00:05:41","modified_gmt":"2026-02-03T21:05:41","slug":"regal-metalowo-debowy-metal-rg370-dab-kakao","status":"publish","type":"product","link":"https:\/\/baldumarket.lt\/lt\/product\/regal-metalowo-debowy-metal-rg370-dab-kakao\/","title":{"rendered":"Metalin\u0117 ir \u0105\u017euolin\u0117 lentyna METAL RG370 kakavos spalvos \u0105\u017euolas"},"content":{"rendered":"<p>Metalin\u0117 lentyn\u0173 sistema RG370 pagaminta i\u0161 nat\u016bralaus \u0105\u017euolo ir juodo metalo derinio, suteikianti jai modern\u0173, industrin\u012f stili\u0173. Juodo metalo r\u0117mas dengia medinius stalvir\u0161ius, kurie puikiai tinka knygoms ar \u0161eimos relikvijoms laikyti. Ne\u012fprastas med\u017eiag\u0173 derinys ir intriguojantis geometrinis \u0161io baldo dizainas traukia ak\u012f ir suteikia unikal\u0173 charakter\u012f bet kokiam interjerui, kuriame jis eksponuojamas.<\/p>","protected":false},"excerpt":{"rendered":"<p>Metalin\u0117 lentyn\u0173 sistema RG370 pagaminta i\u0161 nat\u016bralaus \u0105\u017euolo ir juodo metalo derinio, suteikianti jai modern\u0173, industrin\u012f stili\u0173. Juodo metalo r\u0117mas dengia medinius stalvir\u0161ius, kurie puikiai tinka knygoms ar \u0161eimos relikvijoms laikyti. Ne\u012fprastas med\u017eiag\u0173 derinys ir intriguojantis geometrinis \u0161io baldo dizainas traukia ak\u012f, suteikdamas [\u2026]<\/p>","protected":false},"featured_media":90934,"comment_status":"open","ping_status":"open","template":"","meta":[],"product_brand":[],"product_cat":[9316,9303,2113,1987],"product_tag":[],"class_list":{"0":"post-90937","1":"product","2":"type-product","3":"status-publish","4":"has-post-thumbnail","6":"product_cat-metal-collection-drewmax","7":"product_cat-oak-furniture-drewmax","8":"product_cat-drewmax","9":"product_cat-shelving-units","11":"first","12":"instock","13":"purchasable","14":"product-type-simple"},"_links":{"self":[{"href":"https:\/\/baldumarket.lt\/lt\/wp-json\/wp\/v2\/product\/90937","targetHints":{"allow":["GET"]}}],"collection":[{"href":"https:\/\/baldumarket.lt\/lt\/wp-json\/wp\/v2\/product"}],"about":[{"href":"https:\/\/baldumarket.lt\/lt\/wp-json\/wp\/v2\/types\/product"}],"replies":[{"embeddable":true,"href":"https:\/\/baldumarket.lt\/lt\/wp-json\/wp\/v2\/comments?post=90937"}],"wp:featuredmedia":[{"embeddable":true,"href":"https:\/\/baldumarket.lt\/lt\/wp-json\/wp\/v2\/media\/90934"}],"wp:attachment":[{"href":"https:\/\/baldumarket.lt\/lt\/wp-json\/wp\/v2\/media?parent=90937"}],"wp:term":[{"taxonomy":"product_brand","embeddable":true,"href":"https:\/\/baldumarket.lt\/lt\/wp-json\/wp\/v2\/product_brand?post=90937"},{"taxonomy":"product_cat","embeddable":true,"href":"https:\/\/baldumarket.lt\/lt\/wp-json\/wp\/v2\/product_cat?post=90937"},{"taxonomy":"product_tag","embeddable":true,"href":"https:\/\/baldumarket.lt\/lt\/wp-json\/wp\/v2\/product_tag?post=90937"}],"curies":[{"name":"wp","href":"https:\/\/api.w.org\/{rel}","templated":true}]}}