{"id":90918,"date":"2025-12-05T01:36:32","date_gmt":"2025-12-04T22:36:32","guid":{"rendered":"https:\/\/baldumarket.lt\/product\/regal-sosnowy-rg121-sosna-naturalny-3\/"},"modified":"2026-02-04T00:05:44","modified_gmt":"2026-02-03T21:05:44","slug":"regal-sosnowy-rg121-sosna-naturalny-3","status":"publish","type":"product","link":"https:\/\/baldumarket.lt\/lt\/product\/regal-sosnowy-rg121-sosna-naturalny-3\/","title":{"rendered":"Pu\u0161in\u0117 lentyna RG121, nat\u016brali pu\u0161is"},"content":{"rendered":"<p>RG121 pu\u0161in\u0117 lentyna pasi\u017eymi paprastu, ta\u010diau funkcionaliu dizainu, tod\u0117l puikiai tinka beveik bet kokiam interjerui ir puikiai tinka daugybei nam\u0173 apyvokos daikt\u0173 laikyti. Nat\u016brali mediena su ai\u0161kiai matomais ra\u0161tais suteikia jai nesenstan\u010dio \u017eavesio.<\/p>","protected":false},"excerpt":{"rendered":"<p>RG121 pu\u0161in\u0117 lentyna pasi\u017eymi paprastu, ta\u010diau funkcionaliu dizainu, tod\u0117l puikiai tinka beveik bet kokiam interjerui ir puikiai tinka daugybei nam\u0173 apyvokos daikt\u0173 laikyti. Nat\u016brali mediena su ai\u0161kiai matomais ra\u0161tais suteikia jai nesenstan\u010dio \u017eavesio.<\/p>","protected":false},"featured_media":90909,"comment_status":"open","ping_status":"open","template":"","meta":[],"product_brand":[],"product_cat":[9305,2113,1987],"product_tag":[],"class_list":{"0":"post-90918","1":"product","2":"type-product","3":"status-publish","4":"has-post-thumbnail","6":"product_cat-pine-furniture-drewmax","7":"product_cat-drewmax","8":"product_cat-shelving-units","10":"first","11":"instock","12":"purchasable","13":"product-type-simple"},"_links":{"self":[{"href":"https:\/\/baldumarket.lt\/lt\/wp-json\/wp\/v2\/product\/90918","targetHints":{"allow":["GET"]}}],"collection":[{"href":"https:\/\/baldumarket.lt\/lt\/wp-json\/wp\/v2\/product"}],"about":[{"href":"https:\/\/baldumarket.lt\/lt\/wp-json\/wp\/v2\/types\/product"}],"replies":[{"embeddable":true,"href":"https:\/\/baldumarket.lt\/lt\/wp-json\/wp\/v2\/comments?post=90918"}],"wp:featuredmedia":[{"embeddable":true,"href":"https:\/\/baldumarket.lt\/lt\/wp-json\/wp\/v2\/media\/90909"}],"wp:attachment":[{"href":"https:\/\/baldumarket.lt\/lt\/wp-json\/wp\/v2\/media?parent=90918"}],"wp:term":[{"taxonomy":"product_brand","embeddable":true,"href":"https:\/\/baldumarket.lt\/lt\/wp-json\/wp\/v2\/product_brand?post=90918"},{"taxonomy":"product_cat","embeddable":true,"href":"https:\/\/baldumarket.lt\/lt\/wp-json\/wp\/v2\/product_cat?post=90918"},{"taxonomy":"product_tag","embeddable":true,"href":"https:\/\/baldumarket.lt\/lt\/wp-json\/wp\/v2\/product_tag?post=90918"}],"curies":[{"name":"wp","href":"https:\/\/api.w.org\/{rel}","templated":true}]}}