{"id":90829,"date":"2025-12-05T01:35:00","date_gmt":"2025-12-04T22:35:00","guid":{"rendered":"https:\/\/baldumarket.lt\/product\/regal-sosnowy-rg135-sosna-naturalny\/"},"modified":"2026-02-04T00:06:07","modified_gmt":"2026-02-03T21:06:07","slug":"regal-sosnowy-rg135-sosna-naturalny","status":"publish","type":"product","link":"https:\/\/baldumarket.lt\/lt\/product\/regal-sosnowy-rg135-sosna-naturalny\/","title":{"rendered":"Pu\u0161in\u0117 lentyna RG135 nat\u016brali pu\u0161is"},"content":{"rendered":"<p>Kompakti\u0161ka kampin\u0117 lentyna RG135 pad\u0117s i\u0161naudoti ank\u0161tus ir nepatogius kampus. \u0160is funkcionalus baldas i\u0161naudoja kambario auk\u0161t\u012f neu\u017eimdamas daug grind\u0173 ploto. Paprastas, atviras dizainas puikiai tinka kaip vieta nieku\u010diams ar knygoms eksponuoti.<\/p>","protected":false},"excerpt":{"rendered":"<p>Kompakti\u0161ka kampin\u0117 lentyna RG135 pad\u0117s i\u0161naudoti ank\u0161tus ir nepatogius kampus. \u0160is funkcionalus baldas i\u0161naudoja kambario auk\u0161t\u012f neu\u017eimdamas daug grind\u0173 ploto. Paprastas, atviras dizainas puikiai tinka kaip vieta nieku\u010diams ar knygoms eksponuoti.<\/p>","protected":false},"featured_media":90828,"comment_status":"open","ping_status":"open","template":"","meta":[],"product_brand":[],"product_cat":[9305,2113,1987],"product_tag":[],"class_list":{"0":"post-90829","1":"product","2":"type-product","3":"status-publish","4":"has-post-thumbnail","6":"product_cat-pine-furniture-drewmax","7":"product_cat-drewmax","8":"product_cat-shelving-units","10":"first","11":"instock","12":"purchasable","13":"product-type-simple"},"_links":{"self":[{"href":"https:\/\/baldumarket.lt\/lt\/wp-json\/wp\/v2\/product\/90829","targetHints":{"allow":["GET"]}}],"collection":[{"href":"https:\/\/baldumarket.lt\/lt\/wp-json\/wp\/v2\/product"}],"about":[{"href":"https:\/\/baldumarket.lt\/lt\/wp-json\/wp\/v2\/types\/product"}],"replies":[{"embeddable":true,"href":"https:\/\/baldumarket.lt\/lt\/wp-json\/wp\/v2\/comments?post=90829"}],"wp:featuredmedia":[{"embeddable":true,"href":"https:\/\/baldumarket.lt\/lt\/wp-json\/wp\/v2\/media\/90828"}],"wp:attachment":[{"href":"https:\/\/baldumarket.lt\/lt\/wp-json\/wp\/v2\/media?parent=90829"}],"wp:term":[{"taxonomy":"product_brand","embeddable":true,"href":"https:\/\/baldumarket.lt\/lt\/wp-json\/wp\/v2\/product_brand?post=90829"},{"taxonomy":"product_cat","embeddable":true,"href":"https:\/\/baldumarket.lt\/lt\/wp-json\/wp\/v2\/product_cat?post=90829"},{"taxonomy":"product_tag","embeddable":true,"href":"https:\/\/baldumarket.lt\/lt\/wp-json\/wp\/v2\/product_tag?post=90829"}],"curies":[{"name":"wp","href":"https:\/\/api.w.org\/{rel}","templated":true}]}}