{"id":90816,"date":"2025-12-05T01:34:48","date_gmt":"2025-12-04T22:34:48","guid":{"rendered":"https:\/\/baldumarket.lt\/product\/regal-sosnowy-rg136-sosna-naturalny\/"},"modified":"2026-02-04T00:06:09","modified_gmt":"2026-02-03T21:06:09","slug":"regal-sosnowy-rg136-sosna-naturalny","status":"publish","type":"product","link":"https:\/\/baldumarket.lt\/lt\/product\/regal-sosnowy-rg136-sosna-naturalny\/","title":{"rendered":"Pu\u0161in\u0117 lentyna RG136, nat\u016brali pu\u0161is"},"content":{"rendered":"<p>Kompakti\u0161ka pakabinama kampin\u0117 lentyna RG136 pad\u0117s i\u0161naudoti ank\u0161tus ir nepatogius kampus. Jos paprastas, atviras dizainas puikiai tinka laikyti nam\u0173 apyvokos daiktus ar eksponuoti \u0161eimos relikvijas.<\/p>","protected":false},"excerpt":{"rendered":"<p>Kompakti\u0161ka pakabinama kampin\u0117 lentyna RG136 pad\u0117s i\u0161naudoti ank\u0161tus ir nepatogius kampus. Jos paprastas, atviras dizainas puikiai tinka laikyti nam\u0173 apyvokos daiktus ar eksponuoti \u0161eimos relikvijas.<\/p>","protected":false},"featured_media":90817,"comment_status":"open","ping_status":"open","template":"","meta":[],"product_brand":[],"product_cat":[9305,2113,1987],"product_tag":[],"class_list":{"0":"post-90816","1":"product","2":"type-product","3":"status-publish","4":"has-post-thumbnail","6":"product_cat-pine-furniture-drewmax","7":"product_cat-drewmax","8":"product_cat-shelving-units","10":"first","11":"instock","12":"purchasable","13":"product-type-simple"},"_links":{"self":[{"href":"https:\/\/baldumarket.lt\/lt\/wp-json\/wp\/v2\/product\/90816","targetHints":{"allow":["GET"]}}],"collection":[{"href":"https:\/\/baldumarket.lt\/lt\/wp-json\/wp\/v2\/product"}],"about":[{"href":"https:\/\/baldumarket.lt\/lt\/wp-json\/wp\/v2\/types\/product"}],"replies":[{"embeddable":true,"href":"https:\/\/baldumarket.lt\/lt\/wp-json\/wp\/v2\/comments?post=90816"}],"wp:featuredmedia":[{"embeddable":true,"href":"https:\/\/baldumarket.lt\/lt\/wp-json\/wp\/v2\/media\/90817"}],"wp:attachment":[{"href":"https:\/\/baldumarket.lt\/lt\/wp-json\/wp\/v2\/media?parent=90816"}],"wp:term":[{"taxonomy":"product_brand","embeddable":true,"href":"https:\/\/baldumarket.lt\/lt\/wp-json\/wp\/v2\/product_brand?post=90816"},{"taxonomy":"product_cat","embeddable":true,"href":"https:\/\/baldumarket.lt\/lt\/wp-json\/wp\/v2\/product_cat?post=90816"},{"taxonomy":"product_tag","embeddable":true,"href":"https:\/\/baldumarket.lt\/lt\/wp-json\/wp\/v2\/product_tag?post=90816"}],"curies":[{"name":"wp","href":"https:\/\/api.w.org\/{rel}","templated":true}]}}