{"id":90808,"date":"2025-12-05T01:34:40","date_gmt":"2025-12-04T22:34:40","guid":{"rendered":"https:\/\/baldumarket.lt\/product\/regal-sosnowy-rg143-sosna-orzech\/"},"modified":"2026-02-04T00:06:11","modified_gmt":"2026-02-03T21:06:11","slug":"regal-sosnowy-rg143-sosna-orzech","status":"publish","type":"product","link":"https:\/\/baldumarket.lt\/lt\/product\/regal-sosnowy-rg143-sosna-orzech\/","title":{"rendered":"Pu\u0161in\u0117 lentyna RG143 pu\u0161ies rie\u0161utmed\u017eio"},"content":{"rendered":"<p>RG143 knyg\u0173 lentyna pagaminta i\u0161 tvirtos pu\u0161ies medienos. Minimalistinio stiliaus ji puikiai dera prie beveik bet kokio interjero. Atviros lentynos puikiai tinka \u0161eimos relikvijoms eksponuoti arba nam\u0173 bibliotekai susikurti, i\u0161d\u0117liojant m\u0117gstamiausias knygas. I\u0161traukiami stal\u010diai padeda pasl\u0117pti dokumentus ar smulkius nam\u0173 apyvokos daiktus.<\/p>","protected":false},"excerpt":{"rendered":"<p>RG143 knyg\u0173 lentyna pagaminta i\u0161 tvirtos pu\u0161ies medienos. Minimalistinio stiliaus ji puikiai dera prie beveik bet kokio interjero. Atviros lentynos puikiai tinka \u0161eimos relikvijoms eksponuoti arba nam\u0173 bibliotekai susikurti, i\u0161d\u0117liojant m\u0117gstamiausias knygas. I\u0161traukiami stal\u010diai padeda pasl\u0117pti dokumentus ar smulkius nam\u0173 apyvokos daiktus.<\/p>","protected":false},"featured_media":90807,"comment_status":"open","ping_status":"open","template":"","meta":[],"product_brand":[],"product_cat":[9305,2113,1987],"product_tag":[],"class_list":{"0":"post-90808","1":"product","2":"type-product","3":"status-publish","4":"has-post-thumbnail","6":"product_cat-pine-furniture-drewmax","7":"product_cat-drewmax","8":"product_cat-shelving-units","10":"first","11":"instock","12":"purchasable","13":"product-type-simple"},"_links":{"self":[{"href":"https:\/\/baldumarket.lt\/lt\/wp-json\/wp\/v2\/product\/90808","targetHints":{"allow":["GET"]}}],"collection":[{"href":"https:\/\/baldumarket.lt\/lt\/wp-json\/wp\/v2\/product"}],"about":[{"href":"https:\/\/baldumarket.lt\/lt\/wp-json\/wp\/v2\/types\/product"}],"replies":[{"embeddable":true,"href":"https:\/\/baldumarket.lt\/lt\/wp-json\/wp\/v2\/comments?post=90808"}],"wp:featuredmedia":[{"embeddable":true,"href":"https:\/\/baldumarket.lt\/lt\/wp-json\/wp\/v2\/media\/90807"}],"wp:attachment":[{"href":"https:\/\/baldumarket.lt\/lt\/wp-json\/wp\/v2\/media?parent=90808"}],"wp:term":[{"taxonomy":"product_brand","embeddable":true,"href":"https:\/\/baldumarket.lt\/lt\/wp-json\/wp\/v2\/product_brand?post=90808"},{"taxonomy":"product_cat","embeddable":true,"href":"https:\/\/baldumarket.lt\/lt\/wp-json\/wp\/v2\/product_cat?post=90808"},{"taxonomy":"product_tag","embeddable":true,"href":"https:\/\/baldumarket.lt\/lt\/wp-json\/wp\/v2\/product_tag?post=90808"}],"curies":[{"name":"wp","href":"https:\/\/api.w.org\/{rel}","templated":true}]}}