{"id":90805,"date":"2025-12-05T01:34:38","date_gmt":"2025-12-04T22:34:38","guid":{"rendered":"https:\/\/baldumarket.lt\/product\/skrzynia-sosnowa-ks102-sosna-naturalny\/"},"modified":"2026-02-04T00:06:11","modified_gmt":"2026-02-03T21:06:11","slug":"skrzynia-sosnowa-ks102-sosna-naturalny","status":"publish","type":"product","link":"https:\/\/baldumarket.lt\/lt\/product\/skrzynia-sosnowa-ks102-sosna-naturalny\/","title":{"rendered":"Pu\u0161in\u0117 komoda KS102 nat\u016bralus pu\u0161is"},"content":{"rendered":"<p>Paprasto dizaino KS102 komoda, pagaminta i\u0161 masyvios pu\u0161ies medienos, puikiai tinka \u012fvairiems daiktams laikyti koridoriuje arba vaiko kambaryje, kur j\u0105 galima naudoti kaip \u017eaisl\u0173 d\u0117\u017e\u0119. Matoma nat\u016bralios medienos tekst\u016bra suteiks \u0161ilumos kambariui, kuriame ji bus eksponuojama.<\/p>","protected":false},"excerpt":{"rendered":"<p>Paprasto dizaino KS102 komoda, pagaminta i\u0161 masyvios pu\u0161ies medienos, puikiai tinka \u012fvairiems daiktams laikyti koridoriuje arba vaiko kambaryje, kur j\u0105 galima naudoti kaip \u017eaisl\u0173 d\u0117\u017e\u0119. Matoma nat\u016bralios medienos tekst\u016bra suteiks \u0161ilumos kambariui, kuriame ji bus eksponuojama.<\/p>","protected":false},"featured_media":90798,"comment_status":"open","ping_status":"open","template":"","meta":[],"product_brand":[],"product_cat":[9305,9120,2113],"product_tag":[],"class_list":{"0":"post-90805","1":"product","2":"type-product","3":"status-publish","4":"has-post-thumbnail","6":"product_cat-pine-furniture-drewmax","7":"product_cat-cabinets","8":"product_cat-drewmax","10":"first","11":"instock","12":"purchasable","13":"product-type-simple"},"_links":{"self":[{"href":"https:\/\/baldumarket.lt\/lt\/wp-json\/wp\/v2\/product\/90805","targetHints":{"allow":["GET"]}}],"collection":[{"href":"https:\/\/baldumarket.lt\/lt\/wp-json\/wp\/v2\/product"}],"about":[{"href":"https:\/\/baldumarket.lt\/lt\/wp-json\/wp\/v2\/types\/product"}],"replies":[{"embeddable":true,"href":"https:\/\/baldumarket.lt\/lt\/wp-json\/wp\/v2\/comments?post=90805"}],"wp:featuredmedia":[{"embeddable":true,"href":"https:\/\/baldumarket.lt\/lt\/wp-json\/wp\/v2\/media\/90798"}],"wp:attachment":[{"href":"https:\/\/baldumarket.lt\/lt\/wp-json\/wp\/v2\/media?parent=90805"}],"wp:term":[{"taxonomy":"product_brand","embeddable":true,"href":"https:\/\/baldumarket.lt\/lt\/wp-json\/wp\/v2\/product_brand?post=90805"},{"taxonomy":"product_cat","embeddable":true,"href":"https:\/\/baldumarket.lt\/lt\/wp-json\/wp\/v2\/product_cat?post=90805"},{"taxonomy":"product_tag","embeddable":true,"href":"https:\/\/baldumarket.lt\/lt\/wp-json\/wp\/v2\/product_tag?post=90805"}],"curies":[{"name":"wp","href":"https:\/\/api.w.org\/{rel}","templated":true}]}}