{"id":90781,"date":"2025-12-05T01:34:16","date_gmt":"2025-12-04T22:34:16","guid":{"rendered":"https:\/\/baldumarket.lt\/product\/skrzynia-sosnowa-ks106-sosna-dab\/"},"modified":"2026-02-04T00:06:16","modified_gmt":"2026-02-03T21:06:16","slug":"skrzynia-sosnowa-ks106-sosna-dab","status":"publish","type":"product","link":"https:\/\/baldumarket.lt\/lt\/product\/skrzynia-sosnowa-ks106-sosna-dab\/","title":{"rendered":"Pu\u0161in\u0117 skrynia KS106 pu\u0161is \u0105\u017euolas"},"content":{"rendered":"<p>Stilinga KS106 komoda pagaminta i\u0161 tvirtos pu\u0161ies medienos. Jos dizainas papildo \u201eHighlander\u201c stili\u0173. Ji puikiai tinka ma\u017eesniems daiktams laikyti koridoriuje ar vaiko kambaryje.<\/p>","protected":false},"excerpt":{"rendered":"<p>Stilinga KS106 komoda pagaminta i\u0161 tvirtos pu\u0161ies medienos. Jos dizainas papildo \u201eHighlander\u201c stili\u0173. Ji puikiai tinka ma\u017eesniems daiktams laikyti koridoriuje ar vaiko kambaryje.<\/p>","protected":false},"featured_media":90782,"comment_status":"open","ping_status":"open","template":"","meta":[],"product_brand":[],"product_cat":[9305,9120,2113],"product_tag":[],"class_list":{"0":"post-90781","1":"product","2":"type-product","3":"status-publish","4":"has-post-thumbnail","6":"product_cat-pine-furniture-drewmax","7":"product_cat-cabinets","8":"product_cat-drewmax","10":"first","11":"instock","12":"purchasable","13":"product-type-simple"},"_links":{"self":[{"href":"https:\/\/baldumarket.lt\/lt\/wp-json\/wp\/v2\/product\/90781","targetHints":{"allow":["GET"]}}],"collection":[{"href":"https:\/\/baldumarket.lt\/lt\/wp-json\/wp\/v2\/product"}],"about":[{"href":"https:\/\/baldumarket.lt\/lt\/wp-json\/wp\/v2\/types\/product"}],"replies":[{"embeddable":true,"href":"https:\/\/baldumarket.lt\/lt\/wp-json\/wp\/v2\/comments?post=90781"}],"wp:featuredmedia":[{"embeddable":true,"href":"https:\/\/baldumarket.lt\/lt\/wp-json\/wp\/v2\/media\/90782"}],"wp:attachment":[{"href":"https:\/\/baldumarket.lt\/lt\/wp-json\/wp\/v2\/media?parent=90781"}],"wp:term":[{"taxonomy":"product_brand","embeddable":true,"href":"https:\/\/baldumarket.lt\/lt\/wp-json\/wp\/v2\/product_brand?post=90781"},{"taxonomy":"product_cat","embeddable":true,"href":"https:\/\/baldumarket.lt\/lt\/wp-json\/wp\/v2\/product_cat?post=90781"},{"taxonomy":"product_tag","embeddable":true,"href":"https:\/\/baldumarket.lt\/lt\/wp-json\/wp\/v2\/product_tag?post=90781"}],"curies":[{"name":"wp","href":"https:\/\/api.w.org\/{rel}","templated":true}]}}