{"id":90760,"date":"2025-12-05T01:33:50","date_gmt":"2025-12-04T22:33:50","guid":{"rendered":"https:\/\/baldumarket.lt\/product\/stol-metalowo-debowy-st370-dab-kakao-6\/"},"modified":"2026-02-04T00:06:21","modified_gmt":"2026-02-03T21:06:21","slug":"stol-metalowo-debowy-st370-dab-kakao-6","status":"publish","type":"product","link":"https:\/\/baldumarket.lt\/lt\/product\/stol-metalowo-debowy-st370-dab-kakao-6\/","title":{"rendered":"Metalinis ir \u0105\u017euolinis stalas ST370 kakavos \u0105\u017euolas"},"content":{"rendered":"<p>Metalinis ir \u0105\u017euolinis ST370 stalas \u2013 tai tobulas paprastos formos ir modernaus dizaino derinys, puikiai tinkantis bet kokiam interjerui. Jis gali b\u016bti alternatyva klasikiniam dekorui, suteikiant bet kuriai erdvei industrinio \u017eavesio. \u0160ilumos suteikian\u010dios \u0105\u017euolo masyvo ir v\u0117saus, tvirto metalo derinys paver\u010dia \u0161\u012f stal\u0105 unikaliu elementu bet kurioje aplinkoje. Netradicinis \u0105\u017euolinio ST370 stalo dizainas paver\u010dia j\u012f puikiu dekoratyviniu elementu valgomajame ar svetain\u0117je, suteikian\u010diu erdvei elegancijos ir i\u0161rai\u0161kingumo. Tvirtas, geometrinis metalinis pagrindas kontrastuoja su nat\u016bralia, \u0161ilta mediena, tod\u0117l \u0161is stalas tampa unikaliu akcentu bet kuriame moderniame interjere.<\/p>\n<p>4 cm storio stalvir\u0161is pagamintas i\u0161 tvirt\u0173 lenteli\u0173, u\u017etikrinan\u010di\u0173 patvarum\u0105 ir unikali\u0105 i\u0161vaizd\u0105. Lenteli\u0173, arba i\u0161ilgini\u0173 lenteli\u0173, sujungt\u0173 kartu \u012f vientis\u0105 visum\u0105, strukt\u016bra i\u0161ry\u0161kina nat\u016bral\u0173 \u0105\u017euolo gro\u017e\u012f, suteikdama stalui unikal\u0173 charakter\u012f.<\/p>\n<p>Galimos stalvir\u0161i\u0173 kra\u0161t\u0173 apdailos:<\/p>\n<p>Z6 \u2013 vir\u0161uje apipjaustytas kra\u0161tas, suteikiantis stalvir\u0161iui tvirtumo poj\u016bt\u012f, i\u0161skirtin\u012f ir stabil\u0173 charakter\u012f.<br \/>\nZ8 \u2013 tiesi briauna, pabr\u0117\u017eianti minimalistin\u0119 ir moderni\u0105 i\u0161vaizd\u0105, puikiai tinkanti prie neapdoroto, industrinio interjero.<\/p>\n<p>Per\u017ei\u016br\u0117kite stalvir\u0161i\u0173 tekst\u016bras ir apdail\u0105.<\/p>","protected":false},"excerpt":{"rendered":"<p>ST370 metalinis ir \u0105\u017euolinis stalas \u2013 tai tobulas paprastos formos ir modernaus dizaino derinys, puikiai tinkantis bet kokiam interjerui. Jis gali b\u016bti alternatyva klasikiniam dekorui, suteikiantis bet kuriai erdvei industrinio \u017eavesio. \u0160ilumos suteikian\u010dio \u0105\u017euolo masyvo ir v\u0117saus, tvirto metalo derinys paver\u010dia \u0161\u012f stal\u0105 unikaliu elementu bet kuriame [\u2026]<\/p>","protected":false},"featured_media":84827,"comment_status":"open","ping_status":"open","template":"","meta":[],"product_brand":[],"product_cat":[9316,9303,2113,1934],"product_tag":[],"class_list":{"0":"post-90760","1":"product","2":"type-product","3":"status-publish","4":"has-post-thumbnail","6":"product_cat-metal-collection-drewmax","7":"product_cat-oak-furniture-drewmax","8":"product_cat-drewmax","9":"product_cat-tables","11":"first","12":"instock","13":"purchasable","14":"product-type-simple"},"_links":{"self":[{"href":"https:\/\/baldumarket.lt\/lt\/wp-json\/wp\/v2\/product\/90760","targetHints":{"allow":["GET"]}}],"collection":[{"href":"https:\/\/baldumarket.lt\/lt\/wp-json\/wp\/v2\/product"}],"about":[{"href":"https:\/\/baldumarket.lt\/lt\/wp-json\/wp\/v2\/types\/product"}],"replies":[{"embeddable":true,"href":"https:\/\/baldumarket.lt\/lt\/wp-json\/wp\/v2\/comments?post=90760"}],"wp:featuredmedia":[{"embeddable":true,"href":"https:\/\/baldumarket.lt\/lt\/wp-json\/wp\/v2\/media\/84827"}],"wp:attachment":[{"href":"https:\/\/baldumarket.lt\/lt\/wp-json\/wp\/v2\/media?parent=90760"}],"wp:term":[{"taxonomy":"product_brand","embeddable":true,"href":"https:\/\/baldumarket.lt\/lt\/wp-json\/wp\/v2\/product_brand?post=90760"},{"taxonomy":"product_cat","embeddable":true,"href":"https:\/\/baldumarket.lt\/lt\/wp-json\/wp\/v2\/product_cat?post=90760"},{"taxonomy":"product_tag","embeddable":true,"href":"https:\/\/baldumarket.lt\/lt\/wp-json\/wp\/v2\/product_tag?post=90760"}],"curies":[{"name":"wp","href":"https:\/\/api.w.org\/{rel}","templated":true}]}}