{"id":90736,"date":"2025-12-05T01:33:24","date_gmt":"2025-12-04T22:33:24","guid":{"rendered":"https:\/\/baldumarket.lt\/product\/stol-metalowo-debowy-st377-dab-naturalny\/"},"modified":"2026-02-04T00:06:27","modified_gmt":"2026-02-03T21:06:27","slug":"stol-metalowo-debowy-st377-dab-naturalny","status":"publish","type":"product","link":"https:\/\/baldumarket.lt\/lt\/product\/stol-metalowo-debowy-st377-dab-naturalny\/","title":{"rendered":"Metalinis ir \u0105\u017euolinis stalas ST377 nat\u016bralus \u0105\u017euolas"},"content":{"rendered":"<p>ST377 metalo ir \u0105\u017euolo stalas \u2013 tai unikalus paprastumo ir modernumo derinys, puikiai tinkantis tiek moderniam, tiek lofto interjerui. Stalo industrinis charakteris kyla i\u0161 kontrastingo nat\u016bralaus \u0105\u017euolo, suteikian\u010dio interjerui \u0161ilumos, ir neapdoroto metalo, suteikian\u010dio baldui unikal\u0173 charakter\u012f, derinio.<\/p>\n<p>4 cm storio stalvir\u0161is pagamintas i\u0161 tvirt\u0173 \u0105\u017euolo lenteli\u0173, sukurian\u010di\u0173 vientis\u0105 ir tvirt\u0105 visum\u0105. \u0160is sprendimas ne tik i\u0161ry\u0161kina nat\u016bral\u0173 medienos gro\u017e\u012f, bet ir garantuoja ilgaam\u017ei\u0161kum\u0105 kasdieniam naudojimui.<\/p>\n<p>I\u0161skirtinai originalus metalinis pagrindas su susikertan\u010diomis voratinklio formos kojel\u0117mis sukuria dinami\u0161k\u0105 ir modern\u0173 vaizd\u0105, tod\u0117l \u0105\u017euolinis ST377 stalas tampa dekoratyviniu valgomojo ar svetain\u0117s akcentu. \u0160is stalas puikiai tinka ie\u0161kantiems modernios alternatyvos klasikiniam interjero dizainui.<\/p>","protected":false},"excerpt":{"rendered":"<p>ST377 metalo ir \u0105\u017euolo stalas \u2013 tai unikalus paprastumo ir modernumo derinys, puikiai tinkantis tiek moderniam, tiek lofto interjerui. Stalo industrinis charakteris kyla i\u0161 kontrastingo nat\u016bralaus \u0105\u017euolo, suteikian\u010dio interjerui \u0161ilumos, ir neapdoroto metalo, suteikian\u010dio baldui unikal\u0173 charakter\u012f, derinio. 4 cm storio stalvir\u0161is yra [\u2026]<\/p>","protected":false},"featured_media":90737,"comment_status":"open","ping_status":"open","template":"","meta":[],"product_brand":[],"product_cat":[9316,9303,2113,1934],"product_tag":[],"class_list":{"0":"post-90736","1":"product","2":"type-product","3":"status-publish","4":"has-post-thumbnail","6":"product_cat-metal-collection-drewmax","7":"product_cat-oak-furniture-drewmax","8":"product_cat-drewmax","9":"product_cat-tables","11":"first","12":"instock","13":"purchasable","14":"product-type-simple"},"_links":{"self":[{"href":"https:\/\/baldumarket.lt\/lt\/wp-json\/wp\/v2\/product\/90736","targetHints":{"allow":["GET"]}}],"collection":[{"href":"https:\/\/baldumarket.lt\/lt\/wp-json\/wp\/v2\/product"}],"about":[{"href":"https:\/\/baldumarket.lt\/lt\/wp-json\/wp\/v2\/types\/product"}],"replies":[{"embeddable":true,"href":"https:\/\/baldumarket.lt\/lt\/wp-json\/wp\/v2\/comments?post=90736"}],"wp:featuredmedia":[{"embeddable":true,"href":"https:\/\/baldumarket.lt\/lt\/wp-json\/wp\/v2\/media\/90737"}],"wp:attachment":[{"href":"https:\/\/baldumarket.lt\/lt\/wp-json\/wp\/v2\/media?parent=90736"}],"wp:term":[{"taxonomy":"product_brand","embeddable":true,"href":"https:\/\/baldumarket.lt\/lt\/wp-json\/wp\/v2\/product_brand?post=90736"},{"taxonomy":"product_cat","embeddable":true,"href":"https:\/\/baldumarket.lt\/lt\/wp-json\/wp\/v2\/product_cat?post=90736"},{"taxonomy":"product_tag","embeddable":true,"href":"https:\/\/baldumarket.lt\/lt\/wp-json\/wp\/v2\/product_tag?post=90736"}],"curies":[{"name":"wp","href":"https:\/\/api.w.org\/{rel}","templated":true}]}}