{"id":90722,"date":"2025-12-05T01:33:11","date_gmt":"2025-12-04T22:33:11","guid":{"rendered":"https:\/\/baldumarket.lt\/product\/stol-sosnowy-st101-sosna-olcha\/"},"modified":"2026-02-04T00:06:30","modified_gmt":"2026-02-03T21:06:30","slug":"stol-sosnowy-st101-sosna-olcha","status":"publish","type":"product","link":"https:\/\/baldumarket.lt\/lt\/product\/stol-sosnowy-st101-sosna-olcha\/","title":{"rendered":"Pu\u0161inis stalas ST101 pu\u0161is alksnis"},"content":{"rendered":"<p>Pu\u0161inis ST101 i\u0161traukiamas stalas \u2013 tai minimalistinio stiliaus baldas, puikiai papildantis klasikin\u012f interjer\u0105. Jo dyd\u012f galima reguliuoti pagal naudotojo poreikius. Galima rinktis i\u0161 dviej\u0173 dyd\u017ei\u0173.<\/p>","protected":false},"excerpt":{"rendered":"<p>Pu\u0161inis ST101 i\u0161traukiamas stalas \u2013 tai minimalistinio stiliaus baldas, puikiai papildantis klasikin\u012f interjer\u0105. Jo dyd\u012f galima reguliuoti pagal naudotojo poreikius. Galima rinktis i\u0161 dviej\u0173 dyd\u017ei\u0173.<\/p>","protected":false},"featured_media":90723,"comment_status":"open","ping_status":"open","template":"","meta":[],"product_brand":[],"product_cat":[9305,2113,1934],"product_tag":[],"class_list":{"0":"post-90722","1":"product","2":"type-product","3":"status-publish","4":"has-post-thumbnail","6":"product_cat-pine-furniture-drewmax","7":"product_cat-drewmax","8":"product_cat-tables","10":"first","11":"instock","12":"purchasable","13":"product-type-simple"},"_links":{"self":[{"href":"https:\/\/baldumarket.lt\/lt\/wp-json\/wp\/v2\/product\/90722","targetHints":{"allow":["GET"]}}],"collection":[{"href":"https:\/\/baldumarket.lt\/lt\/wp-json\/wp\/v2\/product"}],"about":[{"href":"https:\/\/baldumarket.lt\/lt\/wp-json\/wp\/v2\/types\/product"}],"replies":[{"embeddable":true,"href":"https:\/\/baldumarket.lt\/lt\/wp-json\/wp\/v2\/comments?post=90722"}],"wp:featuredmedia":[{"embeddable":true,"href":"https:\/\/baldumarket.lt\/lt\/wp-json\/wp\/v2\/media\/90723"}],"wp:attachment":[{"href":"https:\/\/baldumarket.lt\/lt\/wp-json\/wp\/v2\/media?parent=90722"}],"wp:term":[{"taxonomy":"product_brand","embeddable":true,"href":"https:\/\/baldumarket.lt\/lt\/wp-json\/wp\/v2\/product_brand?post=90722"},{"taxonomy":"product_cat","embeddable":true,"href":"https:\/\/baldumarket.lt\/lt\/wp-json\/wp\/v2\/product_cat?post=90722"},{"taxonomy":"product_tag","embeddable":true,"href":"https:\/\/baldumarket.lt\/lt\/wp-json\/wp\/v2\/product_tag?post=90722"}],"curies":[{"name":"wp","href":"https:\/\/api.w.org\/{rel}","templated":true}]}}