{"id":90717,"date":"2025-12-05T01:33:06","date_gmt":"2025-12-04T22:33:06","guid":{"rendered":"https:\/\/baldumarket.lt\/product\/stol-sosnowy-st102-sosna-orzech\/"},"modified":"2026-02-04T00:06:31","modified_gmt":"2026-02-03T21:06:31","slug":"stol-sosnowy-st102-sosna-orzech","status":"publish","type":"product","link":"https:\/\/baldumarket.lt\/lt\/product\/stol-sosnowy-st102-sosna-orzech\/","title":{"rendered":"Pu\u0161inis stalas ST102 pu\u0161ies rie\u0161utmed\u017eio"},"content":{"rendered":"<p>ST102 yra i\u0161skleid\u017eiamas stalas, pagamintas i\u0161 pu\u0161ies medienos. Jo paprastas stilius puikiai papildys klasikin\u012f interjer\u0105. J\u012f galima pritaikyti prie naudotojo poreiki\u0173. Galima \u012fsigyti dviej\u0173 dyd\u017ei\u0173.<\/p>","protected":false},"excerpt":{"rendered":"<p>ST102 yra i\u0161skleid\u017eiamas stalas, pagamintas i\u0161 pu\u0161ies medienos. Jo paprastas stilius puikiai papildys klasikin\u012f interjer\u0105. J\u012f galima pritaikyti prie naudotojo poreiki\u0173. Galima \u012fsigyti dviej\u0173 dyd\u017ei\u0173.<\/p>","protected":false},"featured_media":90715,"comment_status":"open","ping_status":"open","template":"","meta":[],"product_brand":[],"product_cat":[9305,2113,1934],"product_tag":[],"class_list":{"0":"post-90717","1":"product","2":"type-product","3":"status-publish","4":"has-post-thumbnail","6":"product_cat-pine-furniture-drewmax","7":"product_cat-drewmax","8":"product_cat-tables","10":"first","11":"instock","12":"purchasable","13":"product-type-simple"},"_links":{"self":[{"href":"https:\/\/baldumarket.lt\/lt\/wp-json\/wp\/v2\/product\/90717","targetHints":{"allow":["GET"]}}],"collection":[{"href":"https:\/\/baldumarket.lt\/lt\/wp-json\/wp\/v2\/product"}],"about":[{"href":"https:\/\/baldumarket.lt\/lt\/wp-json\/wp\/v2\/types\/product"}],"replies":[{"embeddable":true,"href":"https:\/\/baldumarket.lt\/lt\/wp-json\/wp\/v2\/comments?post=90717"}],"wp:featuredmedia":[{"embeddable":true,"href":"https:\/\/baldumarket.lt\/lt\/wp-json\/wp\/v2\/media\/90715"}],"wp:attachment":[{"href":"https:\/\/baldumarket.lt\/lt\/wp-json\/wp\/v2\/media?parent=90717"}],"wp:term":[{"taxonomy":"product_brand","embeddable":true,"href":"https:\/\/baldumarket.lt\/lt\/wp-json\/wp\/v2\/product_brand?post=90717"},{"taxonomy":"product_cat","embeddable":true,"href":"https:\/\/baldumarket.lt\/lt\/wp-json\/wp\/v2\/product_cat?post=90717"},{"taxonomy":"product_tag","embeddable":true,"href":"https:\/\/baldumarket.lt\/lt\/wp-json\/wp\/v2\/product_tag?post=90717"}],"curies":[{"name":"wp","href":"https:\/\/api.w.org\/{rel}","templated":true}]}}