{"id":90710,"date":"2025-12-05T01:32:57","date_gmt":"2025-12-04T22:32:57","guid":{"rendered":"https:\/\/baldumarket.lt\/product\/stol-sosnowy-st103-sosna-olcha\/"},"modified":"2026-02-04T00:06:34","modified_gmt":"2026-02-03T21:06:34","slug":"stol-sosnowy-st103-sosna-olcha","status":"publish","type":"product","link":"https:\/\/baldumarket.lt\/lt\/product\/stol-sosnowy-st103-sosna-olcha\/","title":{"rendered":"Pu\u0161inis stalas ST103 pu\u0161is-alksnis"},"content":{"rendered":"<p>ST103 \u2013 tai pu\u0161inis virtuv\u0117s stalas su sta\u010diakampiu stalvir\u0161iu, pastatytu ant dviej\u0173 puo\u0161ni\u0173 kojeli\u0173, tod\u0117l puikiai tinka kaln\u0173 stiliui. Kartu su deran\u010dia kampine sofa jis sudaro tobul\u0105 komplekt\u0105.<\/p>","protected":false},"excerpt":{"rendered":"<p>ST103 \u2013 tai pu\u0161inis virtuv\u0117s stalas su sta\u010diakampiu stalvir\u0161iu, pastatytu ant dviej\u0173 puo\u0161ni\u0173 kojeli\u0173, tod\u0117l puikiai tinka kaln\u0173 stiliui. Kartu su deran\u010dia kampine sofa jis sudaro tobul\u0105 komplekt\u0105.<\/p>","protected":false},"featured_media":90708,"comment_status":"open","ping_status":"open","template":"","meta":[],"product_brand":[],"product_cat":[9305,2113,1934],"product_tag":[],"class_list":{"0":"post-90710","1":"product","2":"type-product","3":"status-publish","4":"has-post-thumbnail","6":"product_cat-pine-furniture-drewmax","7":"product_cat-drewmax","8":"product_cat-tables","10":"first","11":"instock","12":"purchasable","13":"product-type-simple"},"_links":{"self":[{"href":"https:\/\/baldumarket.lt\/lt\/wp-json\/wp\/v2\/product\/90710","targetHints":{"allow":["GET"]}}],"collection":[{"href":"https:\/\/baldumarket.lt\/lt\/wp-json\/wp\/v2\/product"}],"about":[{"href":"https:\/\/baldumarket.lt\/lt\/wp-json\/wp\/v2\/types\/product"}],"replies":[{"embeddable":true,"href":"https:\/\/baldumarket.lt\/lt\/wp-json\/wp\/v2\/comments?post=90710"}],"wp:featuredmedia":[{"embeddable":true,"href":"https:\/\/baldumarket.lt\/lt\/wp-json\/wp\/v2\/media\/90708"}],"wp:attachment":[{"href":"https:\/\/baldumarket.lt\/lt\/wp-json\/wp\/v2\/media?parent=90710"}],"wp:term":[{"taxonomy":"product_brand","embeddable":true,"href":"https:\/\/baldumarket.lt\/lt\/wp-json\/wp\/v2\/product_brand?post=90710"},{"taxonomy":"product_cat","embeddable":true,"href":"https:\/\/baldumarket.lt\/lt\/wp-json\/wp\/v2\/product_cat?post=90710"},{"taxonomy":"product_tag","embeddable":true,"href":"https:\/\/baldumarket.lt\/lt\/wp-json\/wp\/v2\/product_tag?post=90710"}],"curies":[{"name":"wp","href":"https:\/\/api.w.org\/{rel}","templated":true}]}}