{"id":90682,"date":"2025-12-05T01:32:31","date_gmt":"2025-12-04T22:32:31","guid":{"rendered":"https:\/\/baldumarket.lt\/product\/stol-sosnowy-st104-sosna-naturalny\/"},"modified":"2026-02-04T00:06:41","modified_gmt":"2026-02-03T21:06:41","slug":"stol-sosnowy-st104-sosna-naturalny","status":"publish","type":"product","link":"https:\/\/baldumarket.lt\/lt\/product\/stol-sosnowy-st104-sosna-naturalny\/","title":{"rendered":"Nat\u016bralios pu\u0161ies pu\u0161ies stalas ST104"},"content":{"rendered":"<p>ST104 stalas pagamintas i\u0161 100% pu\u0161ies medienos. Jo paprastas stilius puikiai papildys klasikin\u012f virtuv\u0117s dizain\u0105. Jo dyd\u012f galima pritaikyti pagal j\u016bs\u0173 poreikius. Stalvir\u0161is yra sta\u010diakampis su u\u017eapvalintais kampais.<\/p>","protected":false},"excerpt":{"rendered":"<p>ST104 stalas pagamintas i\u0161 100% pu\u0161ies medienos. Jo paprastas stilius puikiai papildys klasikin\u012f virtuv\u0117s dizain\u0105. Jo dyd\u012f galima pritaikyti pagal j\u016bs\u0173 poreikius. Stalvir\u0161is yra sta\u010diakampis su u\u017eapvalintais kampais.<\/p>","protected":false},"featured_media":90679,"comment_status":"open","ping_status":"open","template":"","meta":[],"product_brand":[],"product_cat":[9305,2113,1934],"product_tag":[],"class_list":{"0":"post-90682","1":"product","2":"type-product","3":"status-publish","4":"has-post-thumbnail","6":"product_cat-pine-furniture-drewmax","7":"product_cat-drewmax","8":"product_cat-tables","10":"first","11":"instock","12":"purchasable","13":"product-type-simple"},"_links":{"self":[{"href":"https:\/\/baldumarket.lt\/lt\/wp-json\/wp\/v2\/product\/90682","targetHints":{"allow":["GET"]}}],"collection":[{"href":"https:\/\/baldumarket.lt\/lt\/wp-json\/wp\/v2\/product"}],"about":[{"href":"https:\/\/baldumarket.lt\/lt\/wp-json\/wp\/v2\/types\/product"}],"replies":[{"embeddable":true,"href":"https:\/\/baldumarket.lt\/lt\/wp-json\/wp\/v2\/comments?post=90682"}],"wp:featuredmedia":[{"embeddable":true,"href":"https:\/\/baldumarket.lt\/lt\/wp-json\/wp\/v2\/media\/90679"}],"wp:attachment":[{"href":"https:\/\/baldumarket.lt\/lt\/wp-json\/wp\/v2\/media?parent=90682"}],"wp:term":[{"taxonomy":"product_brand","embeddable":true,"href":"https:\/\/baldumarket.lt\/lt\/wp-json\/wp\/v2\/product_brand?post=90682"},{"taxonomy":"product_cat","embeddable":true,"href":"https:\/\/baldumarket.lt\/lt\/wp-json\/wp\/v2\/product_cat?post=90682"},{"taxonomy":"product_tag","embeddable":true,"href":"https:\/\/baldumarket.lt\/lt\/wp-json\/wp\/v2\/product_tag?post=90682"}],"curies":[{"name":"wp","href":"https:\/\/api.w.org\/{rel}","templated":true}]}}