{"id":90666,"date":"2025-12-05T01:32:16","date_gmt":"2025-12-04T22:32:16","guid":{"rendered":"https:\/\/baldumarket.lt\/product\/stol-sosnowy-st105-sosna-naturalny-5\/"},"modified":"2026-02-04T00:06:45","modified_gmt":"2026-02-03T21:06:45","slug":"stol-sosnowy-st105-sosna-naturalny-5","status":"publish","type":"product","link":"https:\/\/baldumarket.lt\/lt\/produktas\/stol-sosnowy-st105-sosna-naturalny-5\/","title":{"rendered":"Pu\u0161inis stalas ST105 nat\u016bralus pu\u0161is"},"content":{"rendered":"<p>Apvalus stalas ST105 pagamintas i\u0161 100% pu\u0161ies medienos. Jo paprastas stilius papildys klasikin\u012f virtuv\u0117s ir valgomojo dizain\u0105. Jo dyd\u012f galima pritaikyti pagal j\u016bs\u0173 poreikius. Galima rinktis nuo 50 cm iki 120 cm skersmens stalus.<\/p>","protected":false},"excerpt":{"rendered":"<p>Apvalus stalas ST105 pagamintas i\u0161 100% pu\u0161ies medienos. Jo paprastas stilius papildys klasikin\u012f virtuv\u0117s ir valgomojo dizain\u0105. Jo dyd\u012f galima pritaikyti pagal j\u016bs\u0173 poreikius. Galima rinktis nuo 50 cm iki 120 cm skersmens stalus.<\/p>","protected":false},"featured_media":90651,"comment_status":"open","ping_status":"open","template":"","meta":[],"product_brand":[],"product_cat":[9305,2113,1934],"product_tag":[],"class_list":{"0":"post-90666","1":"product","2":"type-product","3":"status-publish","4":"has-post-thumbnail","6":"product_cat-pine-furniture-drewmax","7":"product_cat-drewmax","8":"product_cat-tables","10":"first","11":"instock","12":"purchasable","13":"product-type-simple"},"_links":{"self":[{"href":"https:\/\/baldumarket.lt\/lt\/wp-json\/wp\/v2\/product\/90666","targetHints":{"allow":["GET"]}}],"collection":[{"href":"https:\/\/baldumarket.lt\/lt\/wp-json\/wp\/v2\/product"}],"about":[{"href":"https:\/\/baldumarket.lt\/lt\/wp-json\/wp\/v2\/types\/product"}],"replies":[{"embeddable":true,"href":"https:\/\/baldumarket.lt\/lt\/wp-json\/wp\/v2\/comments?post=90666"}],"wp:featuredmedia":[{"embeddable":true,"href":"https:\/\/baldumarket.lt\/lt\/wp-json\/wp\/v2\/media\/90651"}],"wp:attachment":[{"href":"https:\/\/baldumarket.lt\/lt\/wp-json\/wp\/v2\/media?parent=90666"}],"wp:term":[{"taxonomy":"product_brand","embeddable":true,"href":"https:\/\/baldumarket.lt\/lt\/wp-json\/wp\/v2\/product_brand?post=90666"},{"taxonomy":"product_cat","embeddable":true,"href":"https:\/\/baldumarket.lt\/lt\/wp-json\/wp\/v2\/product_cat?post=90666"},{"taxonomy":"product_tag","embeddable":true,"href":"https:\/\/baldumarket.lt\/lt\/wp-json\/wp\/v2\/product_tag?post=90666"}],"curies":[{"name":"wp","href":"https:\/\/api.w.org\/{rel}","templated":true}]}}