{"id":90645,"date":"2025-12-05T01:31:52","date_gmt":"2025-12-04T22:31:52","guid":{"rendered":"https:\/\/baldumarket.lt\/product\/stol-sosnowy-st106-sosna-naturalny\/"},"modified":"2026-02-04T00:06:51","modified_gmt":"2026-02-03T21:06:51","slug":"stol-sosnowy-st106-sosna-naturalny","status":"publish","type":"product","link":"https:\/\/baldumarket.lt\/lt\/product\/stol-sosnowy-st106-sosna-naturalny\/","title":{"rendered":"Pu\u0161inis stalas ST106 nat\u016bralus pu\u0161is"},"content":{"rendered":"<p>ST106 stalas pagamintas i\u0161 100% pu\u0161ies medienos. Jo paprastas stilius puikiai papildys klasikin\u012f virtuv\u0117s dizain\u0105. Ovalus stalvir\u0161is yra dviej\u0173 dyd\u017ei\u0173. Ai\u0161kiai matomas, i\u0161skirtinis nat\u016bralios medienos ra\u0161tas suteikia charakterio ir \u0161ilumos bet kokiam interjerui, kuriame jis eksponuojamas.<\/p>","protected":false},"excerpt":{"rendered":"<p>ST106 stalas pagamintas i\u0161 100% pu\u0161ies medienos. Jo paprastas stilius puikiai papildys klasikin\u012f virtuv\u0117s dizain\u0105. Ovalus stalvir\u0161is yra dviej\u0173 dyd\u017ei\u0173. Ai\u0161kiai matomas, i\u0161skirtinis nat\u016bralios medienos ra\u0161tas suteikia charakterio ir \u0161ilumos bet kokiam interjerui, kuriame jis eksponuojamas.<\/p>","protected":false},"featured_media":90642,"comment_status":"open","ping_status":"open","template":"","meta":[],"product_brand":[],"product_cat":[9305,2113,1934],"product_tag":[],"class_list":{"0":"post-90645","1":"product","2":"type-product","3":"status-publish","4":"has-post-thumbnail","6":"product_cat-pine-furniture-drewmax","7":"product_cat-drewmax","8":"product_cat-tables","10":"first","11":"instock","12":"purchasable","13":"product-type-simple"},"_links":{"self":[{"href":"https:\/\/baldumarket.lt\/lt\/wp-json\/wp\/v2\/product\/90645","targetHints":{"allow":["GET"]}}],"collection":[{"href":"https:\/\/baldumarket.lt\/lt\/wp-json\/wp\/v2\/product"}],"about":[{"href":"https:\/\/baldumarket.lt\/lt\/wp-json\/wp\/v2\/types\/product"}],"replies":[{"embeddable":true,"href":"https:\/\/baldumarket.lt\/lt\/wp-json\/wp\/v2\/comments?post=90645"}],"wp:featuredmedia":[{"embeddable":true,"href":"https:\/\/baldumarket.lt\/lt\/wp-json\/wp\/v2\/media\/90642"}],"wp:attachment":[{"href":"https:\/\/baldumarket.lt\/lt\/wp-json\/wp\/v2\/media?parent=90645"}],"wp:term":[{"taxonomy":"product_brand","embeddable":true,"href":"https:\/\/baldumarket.lt\/lt\/wp-json\/wp\/v2\/product_brand?post=90645"},{"taxonomy":"product_cat","embeddable":true,"href":"https:\/\/baldumarket.lt\/lt\/wp-json\/wp\/v2\/product_cat?post=90645"},{"taxonomy":"product_tag","embeddable":true,"href":"https:\/\/baldumarket.lt\/lt\/wp-json\/wp\/v2\/product_tag?post=90645"}],"curies":[{"name":"wp","href":"https:\/\/api.w.org\/{rel}","templated":true}]}}