{"id":90632,"date":"2025-12-05T01:31:39","date_gmt":"2025-12-04T22:31:39","guid":{"rendered":"https:\/\/baldumarket.lt\/product\/stol-sosnowy-st108-sosna-naturalny-2\/"},"modified":"2026-02-04T00:06:53","modified_gmt":"2026-02-03T21:06:53","slug":"stol-sosnowy-st108-sosna-naturalny-2","status":"publish","type":"product","link":"https:\/\/baldumarket.lt\/lt\/product\/stol-sosnowy-st108-sosna-naturalny-2\/","title":{"rendered":"Nat\u016bralios pu\u0161ies pu\u0161ies stalas ST108"},"content":{"rendered":"<p>GALIMA I\u0160 SAND\u0116LYJE PASIRINKT\u0172 SPALV\u0172 IR DYD\u017dI\u0172 \u2013 d\u0117l prieinamumo teiraukit\u0117s savo pardavim\u0173 atstovo.<br \/>\nST108 stalas pagamintas i\u0161 100% pu\u0161ies medienos. Jo paprastas stilius papildys klasikin\u012f virtuv\u0117s dizain\u0105. Sta\u010diakampis stalvir\u0161is su u\u017eapvalintais kampais yra dviej\u0173 dyd\u017ei\u0173.<\/p>","protected":false},"excerpt":{"rendered":"<p>GALIMA \u012eSIGYTI SAND\u0116LYJE PASIRINKT\u0172 SPALV\u0172 IR DYD\u017dI\u0172 \u2013 d\u0117l prieinamumo teiraukit\u0117s pardavim\u0173 atstovo. ST108 stalas pagamintas i\u0161 100% pu\u0161ies. Jo paprastas stilius papildys klasikin\u012f virtuv\u0117s dizain\u0105. Sta\u010diakampis stalvir\u0161is su u\u017eapvalintais kampais yra dviej\u0173 dyd\u017ei\u0173.<\/p>","protected":false},"featured_media":90628,"comment_status":"open","ping_status":"open","template":"","meta":[],"product_brand":[],"product_cat":[9305,2113,1934],"product_tag":[],"class_list":{"0":"post-90632","1":"product","2":"type-product","3":"status-publish","4":"has-post-thumbnail","6":"product_cat-pine-furniture-drewmax","7":"product_cat-drewmax","8":"product_cat-tables","10":"first","11":"instock","12":"purchasable","13":"product-type-simple"},"_links":{"self":[{"href":"https:\/\/baldumarket.lt\/lt\/wp-json\/wp\/v2\/product\/90632","targetHints":{"allow":["GET"]}}],"collection":[{"href":"https:\/\/baldumarket.lt\/lt\/wp-json\/wp\/v2\/product"}],"about":[{"href":"https:\/\/baldumarket.lt\/lt\/wp-json\/wp\/v2\/types\/product"}],"replies":[{"embeddable":true,"href":"https:\/\/baldumarket.lt\/lt\/wp-json\/wp\/v2\/comments?post=90632"}],"wp:featuredmedia":[{"embeddable":true,"href":"https:\/\/baldumarket.lt\/lt\/wp-json\/wp\/v2\/media\/90628"}],"wp:attachment":[{"href":"https:\/\/baldumarket.lt\/lt\/wp-json\/wp\/v2\/media?parent=90632"}],"wp:term":[{"taxonomy":"product_brand","embeddable":true,"href":"https:\/\/baldumarket.lt\/lt\/wp-json\/wp\/v2\/product_brand?post=90632"},{"taxonomy":"product_cat","embeddable":true,"href":"https:\/\/baldumarket.lt\/lt\/wp-json\/wp\/v2\/product_cat?post=90632"},{"taxonomy":"product_tag","embeddable":true,"href":"https:\/\/baldumarket.lt\/lt\/wp-json\/wp\/v2\/product_tag?post=90632"}],"curies":[{"name":"wp","href":"https:\/\/api.w.org\/{rel}","templated":true}]}}