{"id":90624,"date":"2025-12-05T01:31:31","date_gmt":"2025-12-04T22:31:31","guid":{"rendered":"https:\/\/baldumarket.lt\/product\/stolik-kawowy-sosnowy-st109-sosna-olcha\/"},"modified":"2026-04-07T01:19:07","modified_gmt":"2026-04-06T22:19:07","slug":"stolik-kawowy-sosnowy-st109-sosna-olcha","status":"publish","type":"product","link":"https:\/\/baldumarket.lt\/lt\/product\/stolik-kawowy-sosnowy-st109-sosna-olcha\/","title":{"rendered":"Pu\u0161inis kavos staliukas ST109 pu\u0161is-alksnis"},"content":{"rendered":"<p>Pu\u0161inis kavos staliukas ST109 puikiai derina klasikin\u012f dizain\u0105 su funkcionalumu, leisdamas prakti\u0161kai ir madingai i\u0161d\u0117styti jaunimo kambar\u012f, svetain\u0119 ar biur\u0105. Kompakti\u0161kas jo dizainas bus puikus svetain\u0117s komplekto papildymas.<\/p>","protected":false},"excerpt":{"rendered":"<p>Pu\u0161inis kavos staliukas ST109 puikiai derina klasikin\u012f dizain\u0105 su funkcionalumu, leisdamas prakti\u0161kai ir madingai i\u0161d\u0117styti jaunimo kambar\u012f, svetain\u0119 ar biur\u0105. Kompakti\u0161kas jo dizainas bus puikus svetain\u0117s komplekto papildymas.<\/p>","protected":false},"featured_media":90623,"comment_status":"open","ping_status":"open","template":"","meta":[],"product_brand":[],"product_cat":[9305,866,2113],"product_tag":[],"class_list":{"0":"post-90624","1":"product","2":"type-product","3":"status-publish","4":"has-post-thumbnail","6":"product_cat-pine-furniture-drewmax","7":"product_cat-coffee-tables","8":"product_cat-drewmax","10":"first","11":"instock","12":"purchasable","13":"product-type-simple"},"_links":{"self":[{"href":"https:\/\/baldumarket.lt\/lt\/wp-json\/wp\/v2\/product\/90624","targetHints":{"allow":["GET"]}}],"collection":[{"href":"https:\/\/baldumarket.lt\/lt\/wp-json\/wp\/v2\/product"}],"about":[{"href":"https:\/\/baldumarket.lt\/lt\/wp-json\/wp\/v2\/types\/product"}],"replies":[{"embeddable":true,"href":"https:\/\/baldumarket.lt\/lt\/wp-json\/wp\/v2\/comments?post=90624"}],"wp:featuredmedia":[{"embeddable":true,"href":"https:\/\/baldumarket.lt\/lt\/wp-json\/wp\/v2\/media\/90623"}],"wp:attachment":[{"href":"https:\/\/baldumarket.lt\/lt\/wp-json\/wp\/v2\/media?parent=90624"}],"wp:term":[{"taxonomy":"product_brand","embeddable":true,"href":"https:\/\/baldumarket.lt\/lt\/wp-json\/wp\/v2\/product_brand?post=90624"},{"taxonomy":"product_cat","embeddable":true,"href":"https:\/\/baldumarket.lt\/lt\/wp-json\/wp\/v2\/product_cat?post=90624"},{"taxonomy":"product_tag","embeddable":true,"href":"https:\/\/baldumarket.lt\/lt\/wp-json\/wp\/v2\/product_tag?post=90624"}],"curies":[{"name":"wp","href":"https:\/\/api.w.org\/{rel}","templated":true}]}}