{"id":90611,"date":"2025-12-05T01:31:19","date_gmt":"2025-12-04T22:31:19","guid":{"rendered":"https:\/\/baldumarket.lt\/product\/stolik-kawowy-sosnowy-st117-sosna-dab-2\/"},"modified":"2026-04-07T01:18:37","modified_gmt":"2026-04-06T22:18:37","slug":"stolik-kawowy-sosnowy-st117-sosna-dab-2","status":"publish","type":"product","link":"https:\/\/baldumarket.lt\/lt\/product\/stolik-kawowy-sosnowy-st117-sosna-dab-2\/","title":{"rendered":"Pu\u0161inis kavos staliukas ST117 pu\u0161is \u0105\u017euolas"},"content":{"rendered":"<p>Klasikinis pu\u0161ies kavos staliukas ST117 puikiai derina klasikin\u012f dizain\u0105 su funkcionalumu, leisdamas sukurti prakti\u0161k\u0105 ir mading\u0105 interjer\u0105. Kompakti\u0161kas jo dizainas bus puikus svetain\u0117s bald\u0173 komplekto papildymas. Lentyna, esanti tiesiai po kavos staliuku, \u017eymiai padidina jo funkcionalum\u0105 \u2013 atlaisvina viet\u0105 ant stalo ir padeda palaikyti tvark\u0105.<\/p>","protected":false},"excerpt":{"rendered":"<p>Klasikinis pu\u0161ies kavos staliukas ST117 puikiai derina klasikin\u012f dizain\u0105 su funkcionalumu, leisdamas sukurti prakti\u0161k\u0105 ir mading\u0105 interjero dizain\u0105. Kompakti\u0161kas jo dizainas bus puikus svetain\u0117s bald\u0173 komplekto papildymas. Lentyna, esanti tiesiai po kavos staliuku, \u017eymiai padidina jo funkcionalum\u0105 \u2013 atlaisvina vietos ant stalo ir padeda susid\u0117ti daiktus [\u2026]<\/p>","protected":false},"featured_media":90602,"comment_status":"open","ping_status":"open","template":"","meta":[],"product_brand":[],"product_cat":[9305,866,2113],"product_tag":[],"class_list":{"0":"post-90611","1":"product","2":"type-product","3":"status-publish","4":"has-post-thumbnail","6":"product_cat-pine-furniture-drewmax","7":"product_cat-coffee-tables","8":"product_cat-drewmax","10":"first","11":"instock","12":"purchasable","13":"product-type-simple"},"_links":{"self":[{"href":"https:\/\/baldumarket.lt\/lt\/wp-json\/wp\/v2\/product\/90611","targetHints":{"allow":["GET"]}}],"collection":[{"href":"https:\/\/baldumarket.lt\/lt\/wp-json\/wp\/v2\/product"}],"about":[{"href":"https:\/\/baldumarket.lt\/lt\/wp-json\/wp\/v2\/types\/product"}],"replies":[{"embeddable":true,"href":"https:\/\/baldumarket.lt\/lt\/wp-json\/wp\/v2\/comments?post=90611"}],"wp:featuredmedia":[{"embeddable":true,"href":"https:\/\/baldumarket.lt\/lt\/wp-json\/wp\/v2\/media\/90602"}],"wp:attachment":[{"href":"https:\/\/baldumarket.lt\/lt\/wp-json\/wp\/v2\/media?parent=90611"}],"wp:term":[{"taxonomy":"product_brand","embeddable":true,"href":"https:\/\/baldumarket.lt\/lt\/wp-json\/wp\/v2\/product_brand?post=90611"},{"taxonomy":"product_cat","embeddable":true,"href":"https:\/\/baldumarket.lt\/lt\/wp-json\/wp\/v2\/product_cat?post=90611"},{"taxonomy":"product_tag","embeddable":true,"href":"https:\/\/baldumarket.lt\/lt\/wp-json\/wp\/v2\/product_tag?post=90611"}],"curies":[{"name":"wp","href":"https:\/\/api.w.org\/{rel}","templated":true}]}}