{"id":90605,"date":"2025-12-05T01:31:13","date_gmt":"2025-12-04T22:31:13","guid":{"rendered":"https:\/\/baldumarket.lt\/product\/stol-sosnowy-st119-sosna-dab-4\/"},"modified":"2026-02-04T00:07:00","modified_gmt":"2026-02-03T21:07:00","slug":"stol-sosnowy-st119-sosna-dab-4","status":"publish","type":"product","link":"https:\/\/baldumarket.lt\/lt\/product\/stol-sosnowy-st119-sosna-dab-4\/","title":{"rendered":"Pu\u0161inis stalas ST119 pu\u0161is \u0105\u017euolas"},"content":{"rendered":"<p>ST119 stalas pagamintas i\u0161 100% pu\u0161ies medienos. Jo paprastas stilius puikiai papildys klasikin\u012f virtuv\u0117s dizain\u0105. Galima \u012fsigyti \u012fvairi\u0173 dyd\u017ei\u0173.<\/p>","protected":false},"excerpt":{"rendered":"<p>ST119 stalas pagamintas i\u0161 100% pu\u0161ies medienos. Jo paprastas stilius puikiai papildys klasikin\u012f virtuv\u0117s dizain\u0105. Galima \u012fsigyti \u012fvairi\u0173 dyd\u017ei\u0173.<\/p>","protected":false},"featured_media":90573,"comment_status":"open","ping_status":"open","template":"","meta":[],"product_brand":[],"product_cat":[9305,2113,1934],"product_tag":[],"class_list":{"0":"post-90605","1":"product","2":"type-product","3":"status-publish","4":"has-post-thumbnail","6":"product_cat-pine-furniture-drewmax","7":"product_cat-drewmax","8":"product_cat-tables","10":"first","11":"instock","12":"purchasable","13":"product-type-simple"},"_links":{"self":[{"href":"https:\/\/baldumarket.lt\/lt\/wp-json\/wp\/v2\/product\/90605","targetHints":{"allow":["GET"]}}],"collection":[{"href":"https:\/\/baldumarket.lt\/lt\/wp-json\/wp\/v2\/product"}],"about":[{"href":"https:\/\/baldumarket.lt\/lt\/wp-json\/wp\/v2\/types\/product"}],"replies":[{"embeddable":true,"href":"https:\/\/baldumarket.lt\/lt\/wp-json\/wp\/v2\/comments?post=90605"}],"wp:featuredmedia":[{"embeddable":true,"href":"https:\/\/baldumarket.lt\/lt\/wp-json\/wp\/v2\/media\/90573"}],"wp:attachment":[{"href":"https:\/\/baldumarket.lt\/lt\/wp-json\/wp\/v2\/media?parent=90605"}],"wp:term":[{"taxonomy":"product_brand","embeddable":true,"href":"https:\/\/baldumarket.lt\/lt\/wp-json\/wp\/v2\/product_brand?post=90605"},{"taxonomy":"product_cat","embeddable":true,"href":"https:\/\/baldumarket.lt\/lt\/wp-json\/wp\/v2\/product_cat?post=90605"},{"taxonomy":"product_tag","embeddable":true,"href":"https:\/\/baldumarket.lt\/lt\/wp-json\/wp\/v2\/product_tag?post=90605"}],"curies":[{"name":"wp","href":"https:\/\/api.w.org\/{rel}","templated":true}]}}