{"id":90595,"date":"2025-12-05T01:30:57","date_gmt":"2025-12-04T22:30:57","guid":{"rendered":"https:\/\/baldumarket.lt\/product\/stol-sosnowy-st119-sosna-naturalny-3\/"},"modified":"2026-02-04T00:07:02","modified_gmt":"2026-02-03T21:07:02","slug":"stol-sosnowy-st119-sosna-naturalny-3","status":"publish","type":"product","link":"https:\/\/baldumarket.lt\/lt\/product\/stol-sosnowy-st119-sosna-naturalny-3\/","title":{"rendered":"Pu\u0161inis stalas ST119 nat\u016bralus pu\u0161is"},"content":{"rendered":"<p>ST119 stalas pagamintas i\u0161 100% pu\u0161ies medienos. Jo paprastas stilius puikiai papildys klasikin\u012f virtuv\u0117s dizain\u0105. Galima \u012fsigyti \u012fvairi\u0173 dyd\u017ei\u0173.<\/p>","protected":false},"excerpt":{"rendered":"<p>ST119 stalas pagamintas i\u0161 100% pu\u0161ies medienos. Jo paprastas stilius puikiai papildys klasikin\u012f virtuv\u0117s dizain\u0105. Galima \u012fsigyti \u012fvairi\u0173 dyd\u017ei\u0173.<\/p>","protected":false},"featured_media":90573,"comment_status":"open","ping_status":"open","template":"","meta":[],"product_brand":[],"product_cat":[9305,2113,1934],"product_tag":[],"class_list":{"0":"post-90595","1":"product","2":"type-product","3":"status-publish","4":"has-post-thumbnail","6":"product_cat-pine-furniture-drewmax","7":"product_cat-drewmax","8":"product_cat-tables","10":"first","11":"instock","12":"purchasable","13":"product-type-simple"},"_links":{"self":[{"href":"https:\/\/baldumarket.lt\/lt\/wp-json\/wp\/v2\/product\/90595","targetHints":{"allow":["GET"]}}],"collection":[{"href":"https:\/\/baldumarket.lt\/lt\/wp-json\/wp\/v2\/product"}],"about":[{"href":"https:\/\/baldumarket.lt\/lt\/wp-json\/wp\/v2\/types\/product"}],"replies":[{"embeddable":true,"href":"https:\/\/baldumarket.lt\/lt\/wp-json\/wp\/v2\/comments?post=90595"}],"wp:featuredmedia":[{"embeddable":true,"href":"https:\/\/baldumarket.lt\/lt\/wp-json\/wp\/v2\/media\/90573"}],"wp:attachment":[{"href":"https:\/\/baldumarket.lt\/lt\/wp-json\/wp\/v2\/media?parent=90595"}],"wp:term":[{"taxonomy":"product_brand","embeddable":true,"href":"https:\/\/baldumarket.lt\/lt\/wp-json\/wp\/v2\/product_brand?post=90595"},{"taxonomy":"product_cat","embeddable":true,"href":"https:\/\/baldumarket.lt\/lt\/wp-json\/wp\/v2\/product_cat?post=90595"},{"taxonomy":"product_tag","embeddable":true,"href":"https:\/\/baldumarket.lt\/lt\/wp-json\/wp\/v2\/product_tag?post=90595"}],"curies":[{"name":"wp","href":"https:\/\/api.w.org\/{rel}","templated":true}]}}