{"id":90534,"date":"2025-12-05T01:29:55","date_gmt":"2025-12-04T22:29:55","guid":{"rendered":"https:\/\/baldumarket.lt\/product\/szachy-gd368-buk-naturalny\/"},"modified":"2026-02-04T00:07:07","modified_gmt":"2026-02-03T21:07:07","slug":"szachy-gd368-buk-naturalny","status":"publish","type":"product","link":"https:\/\/baldumarket.lt\/lt\/product\/szachy-gd368-buk-naturalny\/","title":{"rendered":"\u0160achmat\u0173 rinkinys GD368, nat\u016bralus bukas"},"content":{"rendered":"<p>M\u016bs\u0173 med\u017eio masyvo \u0161achmat\u0173 rinkini\u0173 kolekcijoje yra \u012fvairi\u0173 dyd\u017ei\u0173 ir form\u0173 rinkini\u0173. Kolekcijoje yra klasikini\u0173 p\u0117stinink\u0173 ir rankomis rai\u017eyt\u0173 fig\u016br\u0117li\u0173. Mediniai \u0161achmat\u0173 rinkiniai yra puiki nesenstanti dovana tiems, kurie vertina tradicijas.<\/p>","protected":false},"excerpt":{"rendered":"<p>M\u016bs\u0173 med\u017eio masyvo \u0161achmat\u0173 rinkini\u0173 kolekcijoje yra \u012fvairi\u0173 dyd\u017ei\u0173 ir form\u0173 rinkini\u0173. Kolekcijoje yra klasikini\u0173 p\u0117stinink\u0173 ir rankomis rai\u017eyt\u0173 fig\u016br\u0117li\u0173. Mediniai \u0161achmat\u0173 rinkiniai yra puiki nesenstanti dovana tiems, kurie vertina tradicijas.<\/p>","protected":false},"featured_media":90535,"comment_status":"open","ping_status":"open","template":"","meta":[],"product_brand":[],"product_cat":[9304,9251,2113],"product_tag":[],"class_list":{"0":"post-90534","1":"product","2":"type-product","3":"status-publish","4":"has-post-thumbnail","6":"product_cat-beech-furniture-drewmax","7":"product_cat-musor","8":"product_cat-drewmax","10":"first","11":"instock","12":"purchasable","13":"product-type-simple"},"_links":{"self":[{"href":"https:\/\/baldumarket.lt\/lt\/wp-json\/wp\/v2\/product\/90534","targetHints":{"allow":["GET"]}}],"collection":[{"href":"https:\/\/baldumarket.lt\/lt\/wp-json\/wp\/v2\/product"}],"about":[{"href":"https:\/\/baldumarket.lt\/lt\/wp-json\/wp\/v2\/types\/product"}],"replies":[{"embeddable":true,"href":"https:\/\/baldumarket.lt\/lt\/wp-json\/wp\/v2\/comments?post=90534"}],"wp:featuredmedia":[{"embeddable":true,"href":"https:\/\/baldumarket.lt\/lt\/wp-json\/wp\/v2\/media\/90535"}],"wp:attachment":[{"href":"https:\/\/baldumarket.lt\/lt\/wp-json\/wp\/v2\/media?parent=90534"}],"wp:term":[{"taxonomy":"product_brand","embeddable":true,"href":"https:\/\/baldumarket.lt\/lt\/wp-json\/wp\/v2\/product_brand?post=90534"},{"taxonomy":"product_cat","embeddable":true,"href":"https:\/\/baldumarket.lt\/lt\/wp-json\/wp\/v2\/product_cat?post=90534"},{"taxonomy":"product_tag","embeddable":true,"href":"https:\/\/baldumarket.lt\/lt\/wp-json\/wp\/v2\/product_tag?post=90534"}],"curies":[{"name":"wp","href":"https:\/\/api.w.org\/{rel}","templated":true}]}}