{"id":90523,"date":"2025-12-05T01:29:37","date_gmt":"2025-12-04T22:29:37","guid":{"rendered":"https:\/\/baldumarket.lt\/product\/szafa-bukowa-vip-sf402-buk-lausane\/"},"modified":"2026-02-04T00:07:10","modified_gmt":"2026-02-03T21:07:10","slug":"szafa-bukowa-vip-sf402-buk-lausane","status":"publish","type":"product","link":"https:\/\/baldumarket.lt\/lt\/product\/szafa-bukowa-vip-sf402-buk-lausane\/","title":{"rendered":"VIP SF402 buko medienos spinta, lozanos bukas"},"content":{"rendered":"<p>Dviej\u0173 dur\u0173 buko medienos spinta SF402 \u2013 tai klasika su moderniu akcentu. Paprasta, klasikin\u0117 forma papuo\u0161ta subtiliais grioveliais fasaduose. Matom\u0173 ranken\u0117li\u0173 nebuvimas yra viena kar\u0161\u010diausi\u0173 pastarojo sezono tendencij\u0173, suteikianti spintai moderni\u0105 ir eleganti\u0161k\u0105 i\u0161vaizd\u0105. Spintos viduje yra pakaba baldams ir patogios lentynos, tod\u0117l ji erdvi ir funkcionali.<\/p>","protected":false},"excerpt":{"rendered":"<p>Dviej\u0173 dur\u0173 buko medienos spinta SF402 yra klasika su moderniu akcentu. Jos paprast\u0105, klasikin\u0119 form\u0105 puo\u0161ia subtil\u016bs grioveliai fasaduose. Matom\u0173 ranken\u0117li\u0173 nebuvimas yra viena kar\u0161\u010diausi\u0173 pastar\u0173j\u0173 sezon\u0173 tendencij\u0173, suteikianti spintai modern\u0173 ir eleganti\u0161k\u0105 vaizd\u0105. Spintos viduje yra pakabinimo skersinis ir patogus [\u2026]<\/p>","protected":false},"featured_media":81899,"comment_status":"open","ping_status":"open","template":"","meta":[],"product_brand":[],"product_cat":[9314,2113,1177],"product_tag":[],"class_list":{"0":"post-90523","1":"product","2":"type-product","3":"status-publish","4":"has-post-thumbnail","6":"product_cat-kolekcja-vip-drewmax","7":"product_cat-drewmax","8":"product_cat-wardrobes","10":"first","11":"instock","12":"purchasable","13":"product-type-simple"},"_links":{"self":[{"href":"https:\/\/baldumarket.lt\/lt\/wp-json\/wp\/v2\/product\/90523","targetHints":{"allow":["GET"]}}],"collection":[{"href":"https:\/\/baldumarket.lt\/lt\/wp-json\/wp\/v2\/product"}],"about":[{"href":"https:\/\/baldumarket.lt\/lt\/wp-json\/wp\/v2\/types\/product"}],"replies":[{"embeddable":true,"href":"https:\/\/baldumarket.lt\/lt\/wp-json\/wp\/v2\/comments?post=90523"}],"wp:featuredmedia":[{"embeddable":true,"href":"https:\/\/baldumarket.lt\/lt\/wp-json\/wp\/v2\/media\/81899"}],"wp:attachment":[{"href":"https:\/\/baldumarket.lt\/lt\/wp-json\/wp\/v2\/media?parent=90523"}],"wp:term":[{"taxonomy":"product_brand","embeddable":true,"href":"https:\/\/baldumarket.lt\/lt\/wp-json\/wp\/v2\/product_brand?post=90523"},{"taxonomy":"product_cat","embeddable":true,"href":"https:\/\/baldumarket.lt\/lt\/wp-json\/wp\/v2\/product_cat?post=90523"},{"taxonomy":"product_tag","embeddable":true,"href":"https:\/\/baldumarket.lt\/lt\/wp-json\/wp\/v2\/product_tag?post=90523"}],"curies":[{"name":"wp","href":"https:\/\/api.w.org\/{rel}","templated":true}]}}