{"id":90503,"date":"2025-12-05T01:29:16","date_gmt":"2025-12-04T22:29:16","guid":{"rendered":"https:\/\/baldumarket.lt\/product\/szafa-debowa-classic-sf352-dab-miodowy\/"},"modified":"2026-02-04T00:07:14","modified_gmt":"2026-02-03T21:07:14","slug":"szafa-debowa-classic-sf352-dab-miodowy","status":"publish","type":"product","link":"https:\/\/baldumarket.lt\/lt\/product\/szafa-debowa-classic-sf352-dab-miodowy\/","title":{"rendered":"\u0104\u017euolin\u0117 spinta CLASSIC SF352 medaus \u0105\u017euolo spalvos"},"content":{"rendered":"<p>SF352 spinta pagaminta i\u0161 \u0105\u017euolo medienos. Klasikin\u0117 jos i\u0161vaizda puikiai der\u0117s tiek prie tradicinio, tiek prie modernaus interjero. Nat\u016brali \u0161io baldo spalva leis sukurti unikali\u0105, jauki\u0105 atmosfer\u0105 j\u016bs\u0173 namuose. Spintos viduje yra pakaba spintai ir lentynos, tod\u0117l ji erdvi ir funkcionali.<\/p>","protected":false},"excerpt":{"rendered":"<p>SF352 spinta pagaminta i\u0161 \u0105\u017euolo medienos. Klasikin\u0117 jos i\u0161vaizda puikiai der\u0117s tiek prie tradicinio, tiek prie modernaus interjero. Nat\u016brali \u0161io baldo spalva leis sukurti unikali\u0105, jauki\u0105 atmosfer\u0105 j\u016bs\u0173 namuose. Spintos viduje yra pakaba spintai ir lentynos, tod\u0117l ji erdvi ir funkcionali.<\/p>","protected":false},"featured_media":90504,"comment_status":"open","ping_status":"open","template":"","meta":[],"product_brand":[],"product_cat":[9313,2113,1177],"product_tag":[],"class_list":{"0":"post-90503","1":"product","2":"type-product","3":"status-publish","4":"has-post-thumbnail","6":"product_cat-classic-collection-drewmax","7":"product_cat-drewmax","8":"product_cat-wardrobes","10":"first","11":"instock","12":"purchasable","13":"product-type-simple"},"_links":{"self":[{"href":"https:\/\/baldumarket.lt\/lt\/wp-json\/wp\/v2\/product\/90503","targetHints":{"allow":["GET"]}}],"collection":[{"href":"https:\/\/baldumarket.lt\/lt\/wp-json\/wp\/v2\/product"}],"about":[{"href":"https:\/\/baldumarket.lt\/lt\/wp-json\/wp\/v2\/types\/product"}],"replies":[{"embeddable":true,"href":"https:\/\/baldumarket.lt\/lt\/wp-json\/wp\/v2\/comments?post=90503"}],"wp:featuredmedia":[{"embeddable":true,"href":"https:\/\/baldumarket.lt\/lt\/wp-json\/wp\/v2\/media\/90504"}],"wp:attachment":[{"href":"https:\/\/baldumarket.lt\/lt\/wp-json\/wp\/v2\/media?parent=90503"}],"wp:term":[{"taxonomy":"product_brand","embeddable":true,"href":"https:\/\/baldumarket.lt\/lt\/wp-json\/wp\/v2\/product_brand?post=90503"},{"taxonomy":"product_cat","embeddable":true,"href":"https:\/\/baldumarket.lt\/lt\/wp-json\/wp\/v2\/product_cat?post=90503"},{"taxonomy":"product_tag","embeddable":true,"href":"https:\/\/baldumarket.lt\/lt\/wp-json\/wp\/v2\/product_tag?post=90503"}],"curies":[{"name":"wp","href":"https:\/\/api.w.org\/{rel}","templated":true}]}}