{"id":90502,"date":"2025-12-05T01:29:12","date_gmt":"2025-12-04T22:29:12","guid":{"rendered":"https:\/\/baldumarket.lt\/product\/szafa-sosnowa-mugo-sf101-sosna-dab\/"},"modified":"2026-02-04T00:07:14","modified_gmt":"2026-02-03T21:07:14","slug":"szafa-sosnowa-mugo-sf101-sosna-dab","status":"publish","type":"product","link":"https:\/\/baldumarket.lt\/lt\/product\/szafa-sosnowa-mugo-sf101-sosna-dab\/","title":{"rendered":"Pu\u0161in\u0117 spinta MUGO SF101 pu\u0161is \u0105\u017euolas"},"content":{"rendered":"<p>Pu\u0161in\u0117 spinta SF101 leid\u017eia lengvai sukurti modern\u0173 ir esteti\u0161kai patraukl\u0173 interjer\u0105. Paprast\u0105 baldo dizain\u0105 pary\u0161kina ai\u0161kiai matoma nat\u016bralios medienos, i\u0161 kurios ji pagaminta, tekst\u016bra. Spinta taip pat si\u016blo funkcionali\u0105 daikt\u0173 laikymo viet\u0105. Viduje yra drabu\u017ei\u0173 kabykla. Centrin\u0117je spintos dalyje patogiai \u012frengti trys stal\u010diai. \u0160onuose yra patogios lentynos, kuriose lengvai tilps smulk\u016bs daiktai.<\/p>","protected":false},"excerpt":{"rendered":"<p>Su pu\u0161in\u0117mis spintomis SF101 lengva sukurti modern\u0173 ir esteti\u0161kai patraukl\u0173 interjer\u0105. Paprast\u0105 baldo dizain\u0105 pary\u0161kina ai\u0161kiai matomos nat\u016bralios medienos, i\u0161 kurios ji buvo pagaminta, tekst\u016bros. Spinta taip pat si\u016blo funkcionali\u0105 daikt\u0173 laikymo viet\u0105. Viduje yra drabu\u017ei\u0173 kabykla. Centrin\u0117 spintos dalis [\u2026]<\/p>","protected":false},"featured_media":90493,"comment_status":"open","ping_status":"open","template":"","meta":[],"product_brand":[],"product_cat":[9320,2113,1177],"product_tag":[],"class_list":{"0":"post-90502","1":"product","2":"type-product","3":"status-publish","4":"has-post-thumbnail","6":"product_cat-mugo-collection-drewmax","7":"product_cat-drewmax","8":"product_cat-wardrobes","10":"first","11":"instock","12":"purchasable","13":"product-type-simple"},"_links":{"self":[{"href":"https:\/\/baldumarket.lt\/lt\/wp-json\/wp\/v2\/product\/90502","targetHints":{"allow":["GET"]}}],"collection":[{"href":"https:\/\/baldumarket.lt\/lt\/wp-json\/wp\/v2\/product"}],"about":[{"href":"https:\/\/baldumarket.lt\/lt\/wp-json\/wp\/v2\/types\/product"}],"replies":[{"embeddable":true,"href":"https:\/\/baldumarket.lt\/lt\/wp-json\/wp\/v2\/comments?post=90502"}],"wp:featuredmedia":[{"embeddable":true,"href":"https:\/\/baldumarket.lt\/lt\/wp-json\/wp\/v2\/media\/90493"}],"wp:attachment":[{"href":"https:\/\/baldumarket.lt\/lt\/wp-json\/wp\/v2\/media?parent=90502"}],"wp:term":[{"taxonomy":"product_brand","embeddable":true,"href":"https:\/\/baldumarket.lt\/lt\/wp-json\/wp\/v2\/product_brand?post=90502"},{"taxonomy":"product_cat","embeddable":true,"href":"https:\/\/baldumarket.lt\/lt\/wp-json\/wp\/v2\/product_cat?post=90502"},{"taxonomy":"product_tag","embeddable":true,"href":"https:\/\/baldumarket.lt\/lt\/wp-json\/wp\/v2\/product_tag?post=90502"}],"curies":[{"name":"wp","href":"https:\/\/api.w.org\/{rel}","templated":true}]}}