{"id":90497,"date":"2025-12-05T01:29:02","date_gmt":"2025-12-04T22:29:02","guid":{"rendered":"https:\/\/baldumarket.lt\/product\/szafa-sosnowa-mugo-sf100-sosna-naturalny\/"},"modified":"2026-02-04T00:07:15","modified_gmt":"2026-02-03T21:07:15","slug":"szafa-sosnowa-mugo-sf100-sosna-naturalny","status":"publish","type":"product","link":"https:\/\/baldumarket.lt\/lt\/product\/szafa-sosnowa-mugo-sf100-sosna-naturalny\/","title":{"rendered":"Pu\u0161in\u0117 spinta MUGO SF100 nat\u016brali pu\u0161is"},"content":{"rendered":"<p>Pu\u0161in\u0117 spinta SF100 leid\u017eia lengvai sukurti modern\u0173 ir esteti\u0161kai patraukl\u0173 interjer\u0105. Paprast\u0105 baldo dizain\u0105 puo\u0161ia veidrodinis priekis, kuris atlieka ir estetines, ir praktines funkcijas. Jis vizualiai padidina kambar\u012f ir suteikia patogi\u0105 ap\u017evalgos zon\u0105 renkantis drabu\u017ein\u0119. Spinta taip pat si\u016blo funkcionali\u0105 daikt\u0173 laikymo viet\u0105. Viduje yra drabu\u017ei\u0173 kabykla. Centrin\u0117je spintos dalyje patogiai i\u0161d\u0117styti trys stal\u010diai. \u0160onuose yra patogios lentynos, kuriose lengva laikyti smulkius daiktus ir drabu\u017eius.<\/p>","protected":false},"excerpt":{"rendered":"<p>Pu\u0161in\u0117 spinta SF100 leid\u017eia lengvai sukurti modern\u0173 ir esteti\u0161kai patraukl\u0173 interjer\u0105. Paprast\u0105 baldo dizain\u0105 puo\u0161ia veidrodinis priekis, kuris atlieka ir estetin\u0119, ir praktin\u0119 funkcij\u0105. Jis vizualiai padidina kambar\u012f ir suteikia patogi\u0105 ap\u017evalgos erdv\u0119 renkantis spint\u0105. Spinta taip pat si\u016blo funkcionali\u0105 daikt\u0173 laikymo galimyb\u0119 [\u2026]<\/p>","protected":false},"featured_media":90498,"comment_status":"open","ping_status":"open","template":"","meta":[],"product_brand":[],"product_cat":[9320,2113,1177],"product_tag":[],"class_list":{"0":"post-90497","1":"product","2":"type-product","3":"status-publish","4":"has-post-thumbnail","6":"product_cat-mugo-collection-drewmax","7":"product_cat-drewmax","8":"product_cat-wardrobes","10":"first","11":"instock","12":"purchasable","13":"product-type-simple"},"_links":{"self":[{"href":"https:\/\/baldumarket.lt\/lt\/wp-json\/wp\/v2\/product\/90497","targetHints":{"allow":["GET"]}}],"collection":[{"href":"https:\/\/baldumarket.lt\/lt\/wp-json\/wp\/v2\/product"}],"about":[{"href":"https:\/\/baldumarket.lt\/lt\/wp-json\/wp\/v2\/types\/product"}],"replies":[{"embeddable":true,"href":"https:\/\/baldumarket.lt\/lt\/wp-json\/wp\/v2\/comments?post=90497"}],"wp:featuredmedia":[{"embeddable":true,"href":"https:\/\/baldumarket.lt\/lt\/wp-json\/wp\/v2\/media\/90498"}],"wp:attachment":[{"href":"https:\/\/baldumarket.lt\/lt\/wp-json\/wp\/v2\/media?parent=90497"}],"wp:term":[{"taxonomy":"product_brand","embeddable":true,"href":"https:\/\/baldumarket.lt\/lt\/wp-json\/wp\/v2\/product_brand?post=90497"},{"taxonomy":"product_cat","embeddable":true,"href":"https:\/\/baldumarket.lt\/lt\/wp-json\/wp\/v2\/product_cat?post=90497"},{"taxonomy":"product_tag","embeddable":true,"href":"https:\/\/baldumarket.lt\/lt\/wp-json\/wp\/v2\/product_tag?post=90497"}],"curies":[{"name":"wp","href":"https:\/\/api.w.org\/{rel}","templated":true}]}}