{"id":90490,"date":"2025-12-05T01:28:54","date_gmt":"2025-12-04T22:28:54","guid":{"rendered":"https:\/\/baldumarket.lt\/product\/szafa-sosnowa-corsica-sf104-sosna-dab\/"},"modified":"2026-02-04T00:07:16","modified_gmt":"2026-02-03T21:07:16","slug":"szafa-sosnowa-corsica-sf104-sosna-dab","status":"publish","type":"product","link":"https:\/\/baldumarket.lt\/lt\/product\/szafa-sosnowa-corsica-sf104-sosna-dab\/","title":{"rendered":"Pu\u0161in\u0117 spinta CORSICA SF104 pu\u0161is \u0105\u017euolas"},"content":{"rendered":"<p>Tiek moderniam, tiek klasikiniam interjerui reikia tinkamos aplinkos. Dviej\u0173 dur\u0173 spinta SF104 \u2013 tai klasikinio stiliaus ir elegancijos derinys, puikiai tinkantis bet kokiam dekorui. Tinkamai i\u0161d\u0117styta, ji taps unikaliu bet kurio miegamojo elementu. Spinta si\u016blo funkcionali\u0105 daikt\u0173 laikymo erdv\u0119 su prakti\u0161ku drabu\u017ei\u0173 kabyklu ir erdviomis lentynomis. Pagaminta i\u0161 pu\u0161ies masyvo, unikali strukt\u016bra ir i\u0161skirtinis ra\u0161tas pabr\u0117\u017eia jos unikal\u0173 charakter\u012f.<\/p>","protected":false},"excerpt":{"rendered":"<p>Tiek modernus, tiek klasikinis interjeras reikalauja tinkamos aplinkos. Dviej\u0173 dur\u0173 spinta SF104 \u2013 tai klasikinio stiliaus ir elegancijos derinys, puikiai tinkantis bet kokiam dekorui. Tinkamai eksponuojama, ji taps unikaliu bet kurio miegamojo elementu. Spinta si\u016blo funkcionali\u0105 daikt\u0173 laikymo viet\u0105 su prakti\u0161ku drabu\u017ei\u0173 kabyklu ir erdviomis lentynomis. Pagaminta i\u0161 tvirtos pu\u0161ies medienos, jos [\u2026]<\/p>","protected":false},"featured_media":90485,"comment_status":"open","ping_status":"open","template":"","meta":[],"product_brand":[],"product_cat":[9318,2113,1177],"product_tag":[],"class_list":{"0":"post-90490","1":"product","2":"type-product","3":"status-publish","4":"has-post-thumbnail","6":"product_cat-kolekcja-corsica-drewmax","7":"product_cat-drewmax","8":"product_cat-wardrobes","10":"first","11":"instock","12":"purchasable","13":"product-type-simple"},"_links":{"self":[{"href":"https:\/\/baldumarket.lt\/lt\/wp-json\/wp\/v2\/product\/90490","targetHints":{"allow":["GET"]}}],"collection":[{"href":"https:\/\/baldumarket.lt\/lt\/wp-json\/wp\/v2\/product"}],"about":[{"href":"https:\/\/baldumarket.lt\/lt\/wp-json\/wp\/v2\/types\/product"}],"replies":[{"embeddable":true,"href":"https:\/\/baldumarket.lt\/lt\/wp-json\/wp\/v2\/comments?post=90490"}],"wp:featuredmedia":[{"embeddable":true,"href":"https:\/\/baldumarket.lt\/lt\/wp-json\/wp\/v2\/media\/90485"}],"wp:attachment":[{"href":"https:\/\/baldumarket.lt\/lt\/wp-json\/wp\/v2\/media?parent=90490"}],"wp:term":[{"taxonomy":"product_brand","embeddable":true,"href":"https:\/\/baldumarket.lt\/lt\/wp-json\/wp\/v2\/product_brand?post=90490"},{"taxonomy":"product_cat","embeddable":true,"href":"https:\/\/baldumarket.lt\/lt\/wp-json\/wp\/v2\/product_cat?post=90490"},{"taxonomy":"product_tag","embeddable":true,"href":"https:\/\/baldumarket.lt\/lt\/wp-json\/wp\/v2\/product_tag?post=90490"}],"curies":[{"name":"wp","href":"https:\/\/api.w.org\/{rel}","templated":true}]}}