{"id":90489,"date":"2025-12-05T01:28:52","date_gmt":"2025-12-04T22:28:52","guid":{"rendered":"https:\/\/baldumarket.lt\/product\/szafa-sosnowa-corsica-sf105-sosna-naturalny\/"},"modified":"2026-02-04T00:07:16","modified_gmt":"2026-02-03T21:07:16","slug":"szafa-sosnowa-corsica-sf105-sosna-naturalny","status":"publish","type":"product","link":"https:\/\/baldumarket.lt\/lt\/product\/szafa-sosnowa-corsica-sf105-sosna-naturalny\/","title":{"rendered":"Pu\u0161in\u0117 spinta CORSICA SF105 nat\u016brali pu\u0161is"},"content":{"rendered":"<p>Erdvi trij\u0173 dur\u0173 spinta SF105 \u2013 tai baldas, kuris tilps \u012f vis\u0105 j\u016bs\u0173 garderob\u0105. Paprastas, tvarkingas dizainas ir modernus charakteris leis jums sukurti unikal\u0173 miegam\u0105j\u012f ar r\u016bbin\u0119. Prakti\u0161kai sutvarkytas spintos vidus suteikia daug vietos drabu\u017eiams laikyti. Platesn\u0117je dalyje yra drabu\u017ei\u0173 kabykla, o siauresn\u0117je \u2013 gilios lentynos. Funkcionali ir tuo pa\u010diu gra\u017ei, matoma nat\u016bralios medienos, i\u0161 kurios ji pagaminta, tekst\u016bra suteikia jai \u017eavesio.<\/p>","protected":false},"excerpt":{"rendered":"<p>Erdvi trij\u0173 dur\u0173 spinta SF105 \u2013 tai baldas, kuris sutalpins vis\u0105 j\u016bs\u0173 garderob\u0105. Paprastas, tvarkingas dizainas ir modernus charakteris leis jums sukurti unikal\u0173 miegam\u0105j\u012f ar persirengimo kambar\u012f. Prakti\u0161kai sutvarkytas spintos vidus suteikia daug vietos drabu\u017eiams laikyti. Platesn\u0117je dalyje yra drabu\u017ei\u0173 pakaba, o siauresn\u0117je [\u2026]<\/p>","protected":false},"featured_media":90480,"comment_status":"open","ping_status":"open","template":"","meta":[],"product_brand":[],"product_cat":[9318,2113,1177],"product_tag":[],"class_list":{"0":"post-90489","1":"product","2":"type-product","3":"status-publish","4":"has-post-thumbnail","6":"product_cat-kolekcja-corsica-drewmax","7":"product_cat-drewmax","8":"product_cat-wardrobes","10":"first","11":"instock","12":"purchasable","13":"product-type-simple"},"_links":{"self":[{"href":"https:\/\/baldumarket.lt\/lt\/wp-json\/wp\/v2\/product\/90489","targetHints":{"allow":["GET"]}}],"collection":[{"href":"https:\/\/baldumarket.lt\/lt\/wp-json\/wp\/v2\/product"}],"about":[{"href":"https:\/\/baldumarket.lt\/lt\/wp-json\/wp\/v2\/types\/product"}],"replies":[{"embeddable":true,"href":"https:\/\/baldumarket.lt\/lt\/wp-json\/wp\/v2\/comments?post=90489"}],"wp:featuredmedia":[{"embeddable":true,"href":"https:\/\/baldumarket.lt\/lt\/wp-json\/wp\/v2\/media\/90480"}],"wp:attachment":[{"href":"https:\/\/baldumarket.lt\/lt\/wp-json\/wp\/v2\/media?parent=90489"}],"wp:term":[{"taxonomy":"product_brand","embeddable":true,"href":"https:\/\/baldumarket.lt\/lt\/wp-json\/wp\/v2\/product_brand?post=90489"},{"taxonomy":"product_cat","embeddable":true,"href":"https:\/\/baldumarket.lt\/lt\/wp-json\/wp\/v2\/product_cat?post=90489"},{"taxonomy":"product_tag","embeddable":true,"href":"https:\/\/baldumarket.lt\/lt\/wp-json\/wp\/v2\/product_tag?post=90489"}],"curies":[{"name":"wp","href":"https:\/\/api.w.org\/{rel}","templated":true}]}}