{"id":90476,"date":"2025-12-05T01:28:38","date_gmt":"2025-12-04T22:28:38","guid":{"rendered":"https:\/\/baldumarket.lt\/product\/szafa-sosnowa-corsica-sf107-sosna-naturalny\/"},"modified":"2026-02-04T00:07:18","modified_gmt":"2026-02-03T21:07:18","slug":"szafa-sosnowa-corsica-sf107-sosna-naturalny","status":"publish","type":"product","link":"https:\/\/baldumarket.lt\/lt\/product\/szafa-sosnowa-corsica-sf107-sosna-naturalny\/","title":{"rendered":"Pu\u0161in\u0117 spinta CORSICA SF107 nat\u016brali pu\u0161is"},"content":{"rendered":"<p>Paprast\u0105 pu\u0161in\u0117s SF107 spintos form\u0105 pary\u0161kina pastorinti korpuso \u0161onai, kurie sukuria tvirtumo \u012fsp\u016bd\u012f ir tarnauja kaip baldo r\u0117mas. Sukurtas didelei spintai, prakti\u0161kas b\u0117gelis gali b\u016bti naudojamas suknel\u0117ms, striuk\u0117ms ir paltams pakabinti. Papildomas stal\u010dius idealiai tinka ma\u017eesniems daiktams sutvarkyti, leid\u017eiantis prakti\u0161kai i\u0161naudoti apatin\u0119 spintos dal\u012f. Nesenstantis \u0161io baldo dizainas suteikia visi\u0161k\u0105 laisv\u0119 \u012frengiant namus, kuriant svajoni\u0173 svetain\u0119, miegam\u0105j\u012f ar darbo kambar\u012f.<\/p>","protected":false},"excerpt":{"rendered":"<p>Paprast\u0105 pu\u0161in\u0117s SF107 spintos form\u0105 pary\u0161kina pastorinti korpuso \u0161onai, kurie suteikia tvirtumo \u012fsp\u016bd\u012f ir tarnauja kaip baldo r\u0117mas. Sukurtas didelei spintai, prakti\u0161kas b\u0117gelis gali b\u016bti naudojamas suknel\u0117ms, striuk\u0117ms ir paltams pakabinti. Papildomas stal\u010dius idealiai tinka [\u2026]<\/p>","protected":false},"featured_media":90474,"comment_status":"open","ping_status":"open","template":"","meta":[],"product_brand":[],"product_cat":[9318,2113,1177],"product_tag":[],"class_list":{"0":"post-90476","1":"product","2":"type-product","3":"status-publish","4":"has-post-thumbnail","6":"product_cat-kolekcja-corsica-drewmax","7":"product_cat-drewmax","8":"product_cat-wardrobes","10":"first","11":"instock","12":"purchasable","13":"product-type-simple"},"_links":{"self":[{"href":"https:\/\/baldumarket.lt\/lt\/wp-json\/wp\/v2\/product\/90476","targetHints":{"allow":["GET"]}}],"collection":[{"href":"https:\/\/baldumarket.lt\/lt\/wp-json\/wp\/v2\/product"}],"about":[{"href":"https:\/\/baldumarket.lt\/lt\/wp-json\/wp\/v2\/types\/product"}],"replies":[{"embeddable":true,"href":"https:\/\/baldumarket.lt\/lt\/wp-json\/wp\/v2\/comments?post=90476"}],"wp:featuredmedia":[{"embeddable":true,"href":"https:\/\/baldumarket.lt\/lt\/wp-json\/wp\/v2\/media\/90474"}],"wp:attachment":[{"href":"https:\/\/baldumarket.lt\/lt\/wp-json\/wp\/v2\/media?parent=90476"}],"wp:term":[{"taxonomy":"product_brand","embeddable":true,"href":"https:\/\/baldumarket.lt\/lt\/wp-json\/wp\/v2\/product_brand?post=90476"},{"taxonomy":"product_cat","embeddable":true,"href":"https:\/\/baldumarket.lt\/lt\/wp-json\/wp\/v2\/product_cat?post=90476"},{"taxonomy":"product_tag","embeddable":true,"href":"https:\/\/baldumarket.lt\/lt\/wp-json\/wp\/v2\/product_tag?post=90476"}],"curies":[{"name":"wp","href":"https:\/\/api.w.org\/{rel}","templated":true}]}}