{"id":90471,"date":"2025-12-05T01:28:33","date_gmt":"2025-12-04T22:28:33","guid":{"rendered":"https:\/\/baldumarket.lt\/product\/szafa-sosnowa-corsica-sf106-sosna-olcha\/"},"modified":"2026-02-04T00:07:19","modified_gmt":"2026-02-03T21:07:19","slug":"szafa-sosnowa-corsica-sf106-sosna-olcha","status":"publish","type":"product","link":"https:\/\/baldumarket.lt\/lt\/product\/szafa-sosnowa-corsica-sf106-sosna-olcha\/","title":{"rendered":"CORSICA SF106 pu\u0161ies spinta, pu\u0161is ir alksnis"},"content":{"rendered":"<p>Erdvi trij\u0173 dur\u0173 spinta SF106 \u2013 tai baldas, kuris tilps vis\u0105 j\u016bs\u0173 garderob\u0105. Paprastas, tvarkingas dizainas ir modernus charakteris leis jums sukurti unikal\u0173 miegam\u0105j\u012f ar r\u016bbin\u0119. Prakti\u0161kai sutvarkytas spintos vidus suteikia daug vietos drabu\u017eiams laikyti. Platesn\u0117je dalyje yra drabu\u017ei\u0173 kabykla, o siauresn\u0117je \u2013 gilios lentynos. Du stal\u010diai suteikia baldui funkcionalumo, praturtindami j\u012f papildoma daikt\u0173 laikymo vieta. Prakti\u0161ka ir tuo pa\u010diu gra\u017ei, o matoma nat\u016bralios medienos, i\u0161 kurios ji pagaminta, tekst\u016bra suteikia jam \u017eavesio.<\/p>","protected":false},"excerpt":{"rendered":"<p>Erdvi trij\u0173 dur\u0173 spinta SF106 \u2013 tai baldas, kuris sutalpins vis\u0105 j\u016bs\u0173 garderob\u0105. Paprastas, tvarkingas dizainas ir modernus charakteris leis jums sukurti unikal\u0173 miegam\u0105j\u012f ar persirengimo kambar\u012f. Prakti\u0161kai sutvarkytas spintos vidus suteikia daug vietos drabu\u017eiams laikyti. Platesn\u0117je dalyje yra drabu\u017ei\u0173 pakaba, o siauresn\u0117je [\u2026]<\/p>","protected":false},"featured_media":90467,"comment_status":"open","ping_status":"open","template":"","meta":[],"product_brand":[],"product_cat":[9318,2113,1177],"product_tag":[],"class_list":{"0":"post-90471","1":"product","2":"type-product","3":"status-publish","4":"has-post-thumbnail","6":"product_cat-kolekcja-corsica-drewmax","7":"product_cat-drewmax","8":"product_cat-wardrobes","10":"first","11":"instock","12":"purchasable","13":"product-type-simple"},"_links":{"self":[{"href":"https:\/\/baldumarket.lt\/lt\/wp-json\/wp\/v2\/product\/90471","targetHints":{"allow":["GET"]}}],"collection":[{"href":"https:\/\/baldumarket.lt\/lt\/wp-json\/wp\/v2\/product"}],"about":[{"href":"https:\/\/baldumarket.lt\/lt\/wp-json\/wp\/v2\/types\/product"}],"replies":[{"embeddable":true,"href":"https:\/\/baldumarket.lt\/lt\/wp-json\/wp\/v2\/comments?post=90471"}],"wp:featuredmedia":[{"embeddable":true,"href":"https:\/\/baldumarket.lt\/lt\/wp-json\/wp\/v2\/media\/90467"}],"wp:attachment":[{"href":"https:\/\/baldumarket.lt\/lt\/wp-json\/wp\/v2\/media?parent=90471"}],"wp:term":[{"taxonomy":"product_brand","embeddable":true,"href":"https:\/\/baldumarket.lt\/lt\/wp-json\/wp\/v2\/product_brand?post=90471"},{"taxonomy":"product_cat","embeddable":true,"href":"https:\/\/baldumarket.lt\/lt\/wp-json\/wp\/v2\/product_cat?post=90471"},{"taxonomy":"product_tag","embeddable":true,"href":"https:\/\/baldumarket.lt\/lt\/wp-json\/wp\/v2\/product_tag?post=90471"}],"curies":[{"name":"wp","href":"https:\/\/api.w.org\/{rel}","templated":true}]}}