{"id":90458,"date":"2025-12-05T01:28:21","date_gmt":"2025-12-04T22:28:21","guid":{"rendered":"https:\/\/baldumarket.lt\/product\/szafa-sosnowa-doulis-sf111-sosna-orzech\/"},"modified":"2026-02-04T00:07:20","modified_gmt":"2026-02-03T21:07:20","slug":"szafa-sosnowa-doulis-sf111-sosna-orzech","status":"publish","type":"product","link":"https:\/\/baldumarket.lt\/lt\/product\/szafa-sosnowa-doulis-sf111-sosna-orzech\/","title":{"rendered":"DOULIS SF111 pu\u0161ies spinta, pu\u0161ies rie\u0161utmedis"},"content":{"rendered":"<p>Tiek moderniam, tiek klasikiniam interjerui reikia tinkamos aplinkos. Dviej\u0173 dur\u0173 spinta SF111 derina klasikin\u012f stili\u0173 ir elegancij\u0105, papildydama bet kok\u012f interjer\u0105. Tinkamai eksponuojama, ji tampa unikaliu miegamojo ar persirengimo kambario elementu. Nepaisant kompakti\u0161ko dyd\u017eio, ji suteikia daug erdv\u0117s. Drabu\u017ei\u0173 laikymui idealiai tinka pakabos karnizas ir du funkcional\u016bs stal\u010diai. Pagaminta i\u0161 pu\u0161ies masyvo, unikali strukt\u016bra ir i\u0161skirtinis ra\u0161tas suteikia jai nepakartojamo \u017eavesio.<\/p>","protected":false},"excerpt":{"rendered":"<p>Tiek moderniam, tiek klasikiniam interjerui reikia tinkamos aplinkos. Dviej\u0173 dur\u0173 spinta SF111 derina klasikin\u012f stili\u0173 ir elegancij\u0105, papildydama bet kok\u012f interjer\u0105. Tinkamai eksponuojama, ji tampa unikaliu miegamojo ar persirengimo kambario elementu. Nepaisant kompakti\u0161ko dyd\u017eio, ji si\u016blo daug erdv\u0117s. Pakabinimo karnizas ir du funkcional\u016bs stal\u010diai idealiai tinka drabu\u017eiams laikyti. [\u2026]<\/p>","protected":false},"featured_media":90459,"comment_status":"open","ping_status":"open","template":"","meta":[],"product_brand":[],"product_cat":[9319,2113,1177],"product_tag":[],"class_list":{"0":"post-90458","1":"product","2":"type-product","3":"status-publish","4":"has-post-thumbnail","6":"product_cat-doulis-collection-drewmax","7":"product_cat-drewmax","8":"product_cat-wardrobes","10":"first","11":"instock","12":"purchasable","13":"product-type-simple"},"_links":{"self":[{"href":"https:\/\/baldumarket.lt\/lt\/wp-json\/wp\/v2\/product\/90458","targetHints":{"allow":["GET"]}}],"collection":[{"href":"https:\/\/baldumarket.lt\/lt\/wp-json\/wp\/v2\/product"}],"about":[{"href":"https:\/\/baldumarket.lt\/lt\/wp-json\/wp\/v2\/types\/product"}],"replies":[{"embeddable":true,"href":"https:\/\/baldumarket.lt\/lt\/wp-json\/wp\/v2\/comments?post=90458"}],"wp:featuredmedia":[{"embeddable":true,"href":"https:\/\/baldumarket.lt\/lt\/wp-json\/wp\/v2\/media\/90459"}],"wp:attachment":[{"href":"https:\/\/baldumarket.lt\/lt\/wp-json\/wp\/v2\/media?parent=90458"}],"wp:term":[{"taxonomy":"product_brand","embeddable":true,"href":"https:\/\/baldumarket.lt\/lt\/wp-json\/wp\/v2\/product_brand?post=90458"},{"taxonomy":"product_cat","embeddable":true,"href":"https:\/\/baldumarket.lt\/lt\/wp-json\/wp\/v2\/product_cat?post=90458"},{"taxonomy":"product_tag","embeddable":true,"href":"https:\/\/baldumarket.lt\/lt\/wp-json\/wp\/v2\/product_tag?post=90458"}],"curies":[{"name":"wp","href":"https:\/\/api.w.org\/{rel}","templated":true}]}}