{"id":90454,"date":"2025-12-05T01:28:17","date_gmt":"2025-12-04T22:28:17","guid":{"rendered":"https:\/\/baldumarket.lt\/product\/szafa-sosnowa-doulis-sf114-sosna-naturalny\/"},"modified":"2026-02-04T00:07:22","modified_gmt":"2026-02-03T21:07:22","slug":"szafa-sosnowa-doulis-sf114-sosna-naturalny","status":"publish","type":"product","link":"https:\/\/baldumarket.lt\/lt\/product\/szafa-sosnowa-doulis-sf114-sosna-naturalny\/","title":{"rendered":"DOULIS SF114 pu\u0161ies spinta, nat\u016brali pu\u0161is"},"content":{"rendered":"<p>SF114 spinta \u2013 tai baldas, kuris tiks visai j\u016bs\u0173 garderobui. Paprastas, be detali\u0173 dizainas ir modernus charakteris leis jums sukurti unikal\u0173 miegam\u0105j\u012f ar r\u016bbin\u0119. Derinkite tai su masyvia pu\u0161ies mediena, i\u0161 kurios ji pagaminta, ir tur\u0117site paprast\u0105 sprendim\u0105 stilingam ir madingam interjerui.<\/p>","protected":false},"excerpt":{"rendered":"<p>SF114 spinta \u2013 tai baldas, kuris tiks visai j\u016bs\u0173 garderobui. Paprastas, be detali\u0173 dizainas ir modernus charakteris leis jums sukurti unikal\u0173 miegam\u0105j\u012f ar r\u016bbin\u0119. Derinkite tai su masyvia pu\u0161ies mediena, i\u0161 kurios ji pagaminta, ir tur\u0117site paprast\u0105 sprendim\u0105 stilingam ir madingam interjerui.<\/p>","protected":false},"featured_media":90452,"comment_status":"open","ping_status":"open","template":"","meta":[],"product_brand":[],"product_cat":[9319,2113,1177],"product_tag":[],"class_list":{"0":"post-90454","1":"product","2":"type-product","3":"status-publish","4":"has-post-thumbnail","6":"product_cat-doulis-collection-drewmax","7":"product_cat-drewmax","8":"product_cat-wardrobes","10":"first","11":"instock","12":"purchasable","13":"product-type-simple"},"_links":{"self":[{"href":"https:\/\/baldumarket.lt\/lt\/wp-json\/wp\/v2\/product\/90454","targetHints":{"allow":["GET"]}}],"collection":[{"href":"https:\/\/baldumarket.lt\/lt\/wp-json\/wp\/v2\/product"}],"about":[{"href":"https:\/\/baldumarket.lt\/lt\/wp-json\/wp\/v2\/types\/product"}],"replies":[{"embeddable":true,"href":"https:\/\/baldumarket.lt\/lt\/wp-json\/wp\/v2\/comments?post=90454"}],"wp:featuredmedia":[{"embeddable":true,"href":"https:\/\/baldumarket.lt\/lt\/wp-json\/wp\/v2\/media\/90452"}],"wp:attachment":[{"href":"https:\/\/baldumarket.lt\/lt\/wp-json\/wp\/v2\/media?parent=90454"}],"wp:term":[{"taxonomy":"product_brand","embeddable":true,"href":"https:\/\/baldumarket.lt\/lt\/wp-json\/wp\/v2\/product_brand?post=90454"},{"taxonomy":"product_cat","embeddable":true,"href":"https:\/\/baldumarket.lt\/lt\/wp-json\/wp\/v2\/product_cat?post=90454"},{"taxonomy":"product_tag","embeddable":true,"href":"https:\/\/baldumarket.lt\/lt\/wp-json\/wp\/v2\/product_tag?post=90454"}],"curies":[{"name":"wp","href":"https:\/\/api.w.org\/{rel}","templated":true}]}}