{"id":90447,"date":"2025-12-05T01:28:10","date_gmt":"2025-12-04T22:28:10","guid":{"rendered":"https:\/\/baldumarket.lt\/product\/szafa-sosnowa-doulis-sf112-sosna-olcha\/"},"modified":"2026-02-04T00:07:22","modified_gmt":"2026-02-03T21:07:22","slug":"szafa-sosnowa-doulis-sf112-sosna-olcha","status":"publish","type":"product","link":"https:\/\/baldumarket.lt\/lt\/product\/szafa-sosnowa-doulis-sf112-sosna-olcha\/","title":{"rendered":"DOULIS SF112 pu\u0161ies spinta, pu\u0161is ir alksnis"},"content":{"rendered":"<p>Pu\u0161in\u0117 spinta SF112 puikiai tinka ma\u017eoms erdv\u0117ms. Nepaisant kompakti\u0161ko dyd\u017eio, ji si\u016blo daug vietos daiktams susid\u0117ti. Paprastas dizainas leid\u017eia jai tilpti beveik bet kokiame interjero dizaine. Spintos SF112 stipryb\u0117 slypi jos funkcionalume. Ji puikiai tinka ma\u017eoms erdv\u0117ms, pavyzd\u017eiui, ma\u017eiems miegamiesiems ar ma\u017eiems koridoriams.<\/p>","protected":false},"excerpt":{"rendered":"<p>Pu\u0161in\u0117 spinta SF112 puikiai tinka ma\u017eoms erdv\u0117ms. Nepaisant kompakti\u0161ko dyd\u017eio, ji si\u016blo daug vietos daiktams susid\u0117ti. Paprastas dizainas leid\u017eia jai tilpti beveik bet kokiame interjero dizaine. Spintos SF112 stipryb\u0117 slypi jos funkcionalume. Ji puikiai tinka ma\u017eoms erdv\u0117ms, pavyzd\u017eiui, ma\u017eiems miegamiesiems ar ma\u017eiems koridoriams.<\/p>","protected":false},"featured_media":90448,"comment_status":"open","ping_status":"open","template":"","meta":[],"product_brand":[],"product_cat":[9319,2113,1177],"product_tag":[],"class_list":{"0":"post-90447","1":"product","2":"type-product","3":"status-publish","4":"has-post-thumbnail","6":"product_cat-doulis-collection-drewmax","7":"product_cat-drewmax","8":"product_cat-wardrobes","10":"first","11":"instock","12":"purchasable","13":"product-type-simple"},"_links":{"self":[{"href":"https:\/\/baldumarket.lt\/lt\/wp-json\/wp\/v2\/product\/90447","targetHints":{"allow":["GET"]}}],"collection":[{"href":"https:\/\/baldumarket.lt\/lt\/wp-json\/wp\/v2\/product"}],"about":[{"href":"https:\/\/baldumarket.lt\/lt\/wp-json\/wp\/v2\/types\/product"}],"replies":[{"embeddable":true,"href":"https:\/\/baldumarket.lt\/lt\/wp-json\/wp\/v2\/comments?post=90447"}],"wp:featuredmedia":[{"embeddable":true,"href":"https:\/\/baldumarket.lt\/lt\/wp-json\/wp\/v2\/media\/90448"}],"wp:attachment":[{"href":"https:\/\/baldumarket.lt\/lt\/wp-json\/wp\/v2\/media?parent=90447"}],"wp:term":[{"taxonomy":"product_brand","embeddable":true,"href":"https:\/\/baldumarket.lt\/lt\/wp-json\/wp\/v2\/product_brand?post=90447"},{"taxonomy":"product_cat","embeddable":true,"href":"https:\/\/baldumarket.lt\/lt\/wp-json\/wp\/v2\/product_cat?post=90447"},{"taxonomy":"product_tag","embeddable":true,"href":"https:\/\/baldumarket.lt\/lt\/wp-json\/wp\/v2\/product_tag?post=90447"}],"curies":[{"name":"wp","href":"https:\/\/api.w.org\/{rel}","templated":true}]}}