{"id":90446,"date":"2025-12-05T01:28:09","date_gmt":"2025-12-04T22:28:09","guid":{"rendered":"https:\/\/baldumarket.lt\/product\/szafa-sosnowa-doulis-sf120-sosna-orzech\/"},"modified":"2026-02-04T00:07:23","modified_gmt":"2026-02-03T21:07:23","slug":"szafa-sosnowa-doulis-sf120-sosna-orzech","status":"publish","type":"product","link":"https:\/\/baldumarket.lt\/lt\/product\/szafa-sosnowa-doulis-sf120-sosna-orzech\/","title":{"rendered":"DOULIS SF120 pu\u0161ies spinta, pu\u0161ies rie\u0161utmedis"},"content":{"rendered":"<p>SF120 \u2013 tai pu\u0161in\u0117 spinta, kurioje tilps visa j\u016bs\u0173 garderobo dalis. Erdvi ir moderni, ji bus ir dekoratyvi, ir funkcionali. Spinta padalinta \u012f dvi dalis. Jos \u0161onuose yra simetri\u0161kai i\u0161d\u0117stytos lentynos, o vidurin\u0117je dalyje \u2013 pakaba pakabinimui. Trys erdv\u016bs stal\u010diai apatin\u0117je dalyje puikiai tinka apatiniams drabu\u017eiams ar smulkiems nieku\u010diams laikyti. Dideli, veidrodiniai fasadai ne tik atrodo gra\u017eiai, bet ir vizualiai padidina erdv\u0119. Stiklin\u0117s plok\u0161t\u0117s puikiai atspindi \u0161vies\u0105, tod\u0117l kambarys tampa \u0161viesesnis.<\/p>","protected":false},"excerpt":{"rendered":"<p>SF120 \u2013 tai pu\u0161in\u0117 spinta, kurioje tilps visa j\u016bs\u0173 spinta. Erdvi ir moderni, ji bus ir dekoratyvi, ir funkcionali. Spinta padalinta \u012f dvi dalis. Jos \u0161onuose yra simetri\u0161kai i\u0161d\u0117stytos lentynos, o vidurin\u0117je dalyje \u2013 pakaba daiktams. Trys erdv\u016bs stal\u010diai, esantys apatin\u0117je dalyje, puikiai tinka laikyti [\u2026]<\/p>","protected":false},"featured_media":90443,"comment_status":"open","ping_status":"open","template":"","meta":[],"product_brand":[],"product_cat":[9319,2113,1177],"product_tag":[],"class_list":{"0":"post-90446","1":"product","2":"type-product","3":"status-publish","4":"has-post-thumbnail","6":"product_cat-doulis-collection-drewmax","7":"product_cat-drewmax","8":"product_cat-wardrobes","10":"first","11":"instock","12":"purchasable","13":"product-type-simple"},"_links":{"self":[{"href":"https:\/\/baldumarket.lt\/lt\/wp-json\/wp\/v2\/product\/90446","targetHints":{"allow":["GET"]}}],"collection":[{"href":"https:\/\/baldumarket.lt\/lt\/wp-json\/wp\/v2\/product"}],"about":[{"href":"https:\/\/baldumarket.lt\/lt\/wp-json\/wp\/v2\/types\/product"}],"replies":[{"embeddable":true,"href":"https:\/\/baldumarket.lt\/lt\/wp-json\/wp\/v2\/comments?post=90446"}],"wp:featuredmedia":[{"embeddable":true,"href":"https:\/\/baldumarket.lt\/lt\/wp-json\/wp\/v2\/media\/90443"}],"wp:attachment":[{"href":"https:\/\/baldumarket.lt\/lt\/wp-json\/wp\/v2\/media?parent=90446"}],"wp:term":[{"taxonomy":"product_brand","embeddable":true,"href":"https:\/\/baldumarket.lt\/lt\/wp-json\/wp\/v2\/product_brand?post=90446"},{"taxonomy":"product_cat","embeddable":true,"href":"https:\/\/baldumarket.lt\/lt\/wp-json\/wp\/v2\/product_cat?post=90446"},{"taxonomy":"product_tag","embeddable":true,"href":"https:\/\/baldumarket.lt\/lt\/wp-json\/wp\/v2\/product_tag?post=90446"}],"curies":[{"name":"wp","href":"https:\/\/api.w.org\/{rel}","templated":true}]}}