{"id":90417,"date":"2025-12-05T01:27:40","date_gmt":"2025-12-04T22:27:40","guid":{"rendered":"https:\/\/baldumarket.lt\/product\/szafa-sosnowa-doulis-sf140-sosna-dab\/"},"modified":"2026-02-04T00:07:27","modified_gmt":"2026-02-03T21:07:27","slug":"szafa-sosnowa-doulis-sf140-sosna-dab","status":"publish","type":"product","link":"https:\/\/baldumarket.lt\/lt\/product\/szafa-sosnowa-doulis-sf140-sosna-dab\/","title":{"rendered":"DOULIS SF140 pu\u0161ies spinta, pu\u0161is \u0105\u017euolas"},"content":{"rendered":"<p>Vien\u0173 dur\u0173 spintos prailginimas SF140 pagamintas i\u0161 pu\u0161ies medienos. Jame yra dvi patogios, gilios lentynos, leid\u017eian\u010dios \u012f spint\u0105 sutalpinti dar daugiau daikt\u0173 neu\u017egriozdinant erdv\u0117s nereikalingais baldais.<\/p>","protected":false},"excerpt":{"rendered":"<p>Vien\u0173 dur\u0173 spintos prailginimas SF140 pagamintas i\u0161 pu\u0161ies medienos. Jame yra dvi patogios, gilios lentynos, leid\u017eian\u010dios \u012f spint\u0105 sutalpinti dar daugiau daikt\u0173 neu\u017egriozdinant erdv\u0117s nereikalingais baldais.<\/p>","protected":false},"featured_media":90418,"comment_status":"open","ping_status":"open","template":"","meta":[],"product_brand":[],"product_cat":[9319,2113,1177],"product_tag":[],"class_list":{"0":"post-90417","1":"product","2":"type-product","3":"status-publish","4":"has-post-thumbnail","6":"product_cat-doulis-collection-drewmax","7":"product_cat-drewmax","8":"product_cat-wardrobes","10":"first","11":"instock","12":"purchasable","13":"product-type-simple"},"_links":{"self":[{"href":"https:\/\/baldumarket.lt\/lt\/wp-json\/wp\/v2\/product\/90417","targetHints":{"allow":["GET"]}}],"collection":[{"href":"https:\/\/baldumarket.lt\/lt\/wp-json\/wp\/v2\/product"}],"about":[{"href":"https:\/\/baldumarket.lt\/lt\/wp-json\/wp\/v2\/types\/product"}],"replies":[{"embeddable":true,"href":"https:\/\/baldumarket.lt\/lt\/wp-json\/wp\/v2\/comments?post=90417"}],"wp:featuredmedia":[{"embeddable":true,"href":"https:\/\/baldumarket.lt\/lt\/wp-json\/wp\/v2\/media\/90418"}],"wp:attachment":[{"href":"https:\/\/baldumarket.lt\/lt\/wp-json\/wp\/v2\/media?parent=90417"}],"wp:term":[{"taxonomy":"product_brand","embeddable":true,"href":"https:\/\/baldumarket.lt\/lt\/wp-json\/wp\/v2\/product_brand?post=90417"},{"taxonomy":"product_cat","embeddable":true,"href":"https:\/\/baldumarket.lt\/lt\/wp-json\/wp\/v2\/product_cat?post=90417"},{"taxonomy":"product_tag","embeddable":true,"href":"https:\/\/baldumarket.lt\/lt\/wp-json\/wp\/v2\/product_tag?post=90417"}],"curies":[{"name":"wp","href":"https:\/\/api.w.org\/{rel}","templated":true}]}}