{"id":90415,"date":"2025-12-05T01:27:38","date_gmt":"2025-12-04T22:27:38","guid":{"rendered":"https:\/\/baldumarket.lt\/product\/szafa-sosnowa-mugo-sf130-sosna-olcha\/"},"modified":"2026-02-04T00:07:28","modified_gmt":"2026-02-03T21:07:28","slug":"szafa-sosnowa-mugo-sf130-sosna-olcha","status":"publish","type":"product","link":"https:\/\/baldumarket.lt\/lt\/product\/szafa-sosnowa-mugo-sf130-sosna-olcha\/","title":{"rendered":"Pu\u0161in\u0117 spinta MUGO SF130 pu\u0161inis alksnis"},"content":{"rendered":"<p>SF130 \u2013 tai pu\u0161in\u0117 spinta, kurioje tilps visa j\u016bs\u0173 spinta. Erdvi ir moderni, ji bus ir dekoratyvi, ir funkcionali. Spinta padalinta \u012f dvi dalis. Jos \u0161onuose yra simetri\u0161kai i\u0161d\u0117stytos lentynos, o vidurin\u0117je dalyje \u2013 pakaba daiktams. Trys erdv\u016bs stal\u010diai centre puikiai tinka re\u010diau naudojamiems daiktams laikyti. Dideli, veidrodiniai fasadai ne tik atrodo gra\u017eiai, bet ir vizualiai padidina erdv\u0119. Stiklin\u0117s plok\u0161t\u0117s puikiai atspindi \u0161vies\u0105, tod\u0117l kambarys tampa \u0161viesesnis.<\/p>","protected":false},"excerpt":{"rendered":"<p>SF130 \u2013 tai pu\u0161in\u0117 spinta, kurioje tilps visa j\u016bs\u0173 spinta. Erdvi ir moderni, ji bus ir dekoratyvi, ir funkcionali. Spinta padalinta \u012f dvi dalis. Jos \u0161onuose yra simetri\u0161kai i\u0161d\u0117stytos lentynos, o vidurin\u0117je dalyje \u2013 pakaba daiktams. Trys erdv\u016bs stal\u010diai centre puikiai tinka re\u010diau naudojamiems daiktams laikyti [\u2026]<\/p>","protected":false},"featured_media":90413,"comment_status":"open","ping_status":"open","template":"","meta":[],"product_brand":[],"product_cat":[9320,2113,1177],"product_tag":[],"class_list":{"0":"post-90415","1":"product","2":"type-product","3":"status-publish","4":"has-post-thumbnail","6":"product_cat-mugo-collection-drewmax","7":"product_cat-drewmax","8":"product_cat-wardrobes","10":"first","11":"instock","12":"purchasable","13":"product-type-simple"},"_links":{"self":[{"href":"https:\/\/baldumarket.lt\/lt\/wp-json\/wp\/v2\/product\/90415","targetHints":{"allow":["GET"]}}],"collection":[{"href":"https:\/\/baldumarket.lt\/lt\/wp-json\/wp\/v2\/product"}],"about":[{"href":"https:\/\/baldumarket.lt\/lt\/wp-json\/wp\/v2\/types\/product"}],"replies":[{"embeddable":true,"href":"https:\/\/baldumarket.lt\/lt\/wp-json\/wp\/v2\/comments?post=90415"}],"wp:featuredmedia":[{"embeddable":true,"href":"https:\/\/baldumarket.lt\/lt\/wp-json\/wp\/v2\/media\/90413"}],"wp:attachment":[{"href":"https:\/\/baldumarket.lt\/lt\/wp-json\/wp\/v2\/media?parent=90415"}],"wp:term":[{"taxonomy":"product_brand","embeddable":true,"href":"https:\/\/baldumarket.lt\/lt\/wp-json\/wp\/v2\/product_brand?post=90415"},{"taxonomy":"product_cat","embeddable":true,"href":"https:\/\/baldumarket.lt\/lt\/wp-json\/wp\/v2\/product_cat?post=90415"},{"taxonomy":"product_tag","embeddable":true,"href":"https:\/\/baldumarket.lt\/lt\/wp-json\/wp\/v2\/product_tag?post=90415"}],"curies":[{"name":"wp","href":"https:\/\/api.w.org\/{rel}","templated":true}]}}