{"id":90366,"date":"2025-12-05T01:26:47","date_gmt":"2025-12-04T22:26:47","guid":{"rendered":"https:\/\/baldumarket.lt\/product\/szafka-na-buty-sosnowa-sb115-sosna-orzech\/"},"modified":"2026-02-04T00:07:37","modified_gmt":"2026-02-03T21:07:37","slug":"szafka-na-buty-sosnowa-sb115-sosna-orzech","status":"publish","type":"product","link":"https:\/\/baldumarket.lt\/lt\/product\/szafka-na-buty-sosnowa-sb115-sosna-orzech\/","title":{"rendered":"Pu\u0161in\u0117 bat\u0173 spintel\u0117 SB115 pu\u0161ies rie\u0161uto spalvos"},"content":{"rendered":"<p>Funkcionali bat\u0173 spintel\u0117 SB115, pagaminta i\u0161 tvirtos pu\u0161ies medienos, puikiai tinka prie\u0161kambariui. Viduje yra trys funkcional\u016bs skyriai, kuriuose lengvai tilps vis\u0173 nam\u0173 \u016bkio nari\u0173 avalyn\u0117. Spintel\u0117s konstrukcija padengta stabiliu stalvir\u0161iu, puikiai tinkan\u010diu kepuri\u0173 krep\u0161eliui ar rakt\u0173 pakabukui.<\/p>","protected":false},"excerpt":{"rendered":"<p>Funkcionali bat\u0173 spintel\u0117 SB115, pagaminta i\u0161 tvirtos pu\u0161ies medienos, puikiai tinka prie\u0161kambariui. Viduje yra trys funkcional\u016bs skyriai, kuriuose lengvai tilps vis\u0173 nam\u0173 \u016bkio nari\u0173 avalyn\u0117. Spintel\u0117s konstrukcija padengta stabiliu stalvir\u0161iu, puikiai tinkan\u010diu kepuri\u0173 krep\u0161eliui ar rakt\u0173 pakabukui.<\/p>","protected":false},"featured_media":90364,"comment_status":"open","ping_status":"open","template":"","meta":[],"product_brand":[],"product_cat":[9305,2113,1997],"product_tag":[],"class_list":{"0":"post-90366","1":"product","2":"type-product","3":"status-publish","4":"has-post-thumbnail","6":"product_cat-pine-furniture-drewmax","7":"product_cat-drewmax","8":"product_cat-shoe-cabinets","10":"first","11":"instock","12":"purchasable","13":"product-type-simple"},"_links":{"self":[{"href":"https:\/\/baldumarket.lt\/lt\/wp-json\/wp\/v2\/product\/90366","targetHints":{"allow":["GET"]}}],"collection":[{"href":"https:\/\/baldumarket.lt\/lt\/wp-json\/wp\/v2\/product"}],"about":[{"href":"https:\/\/baldumarket.lt\/lt\/wp-json\/wp\/v2\/types\/product"}],"replies":[{"embeddable":true,"href":"https:\/\/baldumarket.lt\/lt\/wp-json\/wp\/v2\/comments?post=90366"}],"wp:featuredmedia":[{"embeddable":true,"href":"https:\/\/baldumarket.lt\/lt\/wp-json\/wp\/v2\/media\/90364"}],"wp:attachment":[{"href":"https:\/\/baldumarket.lt\/lt\/wp-json\/wp\/v2\/media?parent=90366"}],"wp:term":[{"taxonomy":"product_brand","embeddable":true,"href":"https:\/\/baldumarket.lt\/lt\/wp-json\/wp\/v2\/product_brand?post=90366"},{"taxonomy":"product_cat","embeddable":true,"href":"https:\/\/baldumarket.lt\/lt\/wp-json\/wp\/v2\/product_cat?post=90366"},{"taxonomy":"product_tag","embeddable":true,"href":"https:\/\/baldumarket.lt\/lt\/wp-json\/wp\/v2\/product_tag?post=90366"}],"curies":[{"name":"wp","href":"https:\/\/api.w.org\/{rel}","templated":true}]}}