{"id":90351,"date":"2025-12-05T01:26:33","date_gmt":"2025-12-04T22:26:33","guid":{"rendered":"https:\/\/baldumarket.lt\/product\/szafka-na-buty-sosnowa-sb130-sosna-naturalny\/"},"modified":"2026-02-04T00:07:40","modified_gmt":"2026-02-03T21:07:40","slug":"szafka-na-buty-sosnowa-sb130-sosna-naturalny","status":"publish","type":"product","link":"https:\/\/baldumarket.lt\/lt\/product\/szafka-na-buty-sosnowa-sb130-sosna-naturalny\/","title":{"rendered":"Bat\u0173 spintel\u0117 SB130 nat\u016bralus pu\u0161is"},"content":{"rendered":"<p>Pu\u0161in\u0117 bat\u0173 spintel\u0117 SB130 yra prakti\u0161ka vieta laikyti batus. Spintel\u0117je yra dvi lentynos batams laikyti. Atviras dizainas leid\u017eia ja naudotis lengvai.<\/p>","protected":false},"excerpt":{"rendered":"<p>Pu\u0161in\u0117 bat\u0173 spintel\u0117 SB130 yra prakti\u0161ka vieta laikyti batus. Spintel\u0117je yra dvi lentynos batams laikyti. Atviras dizainas leid\u017eia ja naudotis lengvai.<\/p>","protected":false},"featured_media":90349,"comment_status":"open","ping_status":"open","template":"","meta":[],"product_brand":[],"product_cat":[9305,2113,1997],"product_tag":[],"class_list":{"0":"post-90351","1":"product","2":"type-product","3":"status-publish","4":"has-post-thumbnail","6":"product_cat-pine-furniture-drewmax","7":"product_cat-drewmax","8":"product_cat-shoe-cabinets","10":"first","11":"instock","12":"purchasable","13":"product-type-simple"},"_links":{"self":[{"href":"https:\/\/baldumarket.lt\/lt\/wp-json\/wp\/v2\/product\/90351","targetHints":{"allow":["GET"]}}],"collection":[{"href":"https:\/\/baldumarket.lt\/lt\/wp-json\/wp\/v2\/product"}],"about":[{"href":"https:\/\/baldumarket.lt\/lt\/wp-json\/wp\/v2\/types\/product"}],"replies":[{"embeddable":true,"href":"https:\/\/baldumarket.lt\/lt\/wp-json\/wp\/v2\/comments?post=90351"}],"wp:featuredmedia":[{"embeddable":true,"href":"https:\/\/baldumarket.lt\/lt\/wp-json\/wp\/v2\/media\/90349"}],"wp:attachment":[{"href":"https:\/\/baldumarket.lt\/lt\/wp-json\/wp\/v2\/media?parent=90351"}],"wp:term":[{"taxonomy":"product_brand","embeddable":true,"href":"https:\/\/baldumarket.lt\/lt\/wp-json\/wp\/v2\/product_brand?post=90351"},{"taxonomy":"product_cat","embeddable":true,"href":"https:\/\/baldumarket.lt\/lt\/wp-json\/wp\/v2\/product_cat?post=90351"},{"taxonomy":"product_tag","embeddable":true,"href":"https:\/\/baldumarket.lt\/lt\/wp-json\/wp\/v2\/product_tag?post=90351"}],"curies":[{"name":"wp","href":"https:\/\/api.w.org\/{rel}","templated":true}]}}