{"id":9033,"date":"2025-11-14T04:15:18","date_gmt":"2025-11-14T01:15:18","guid":{"rendered":"https:\/\/baldumarket.lt\/product\/audrey-140x200-st-drew\/"},"modified":"2026-03-24T17:59:49","modified_gmt":"2026-03-24T14:59:49","slug":"audrey-140x200-st-drew","status":"publish","type":"product","link":"https:\/\/baldumarket.lt\/lt\/product\/audrey-140x200-st-drew\/","title":{"rendered":"Audrey 140\u00d7200 ner\u016bdijantis medis"},"content":{"rendered":"<p>\u201eAudrey\u201c \u2013 tai skoninga ir funkcionali klasikinio stiliaus lova, si\u016bloma keturi\u0173 dyd\u017ei\u0173: 140\/160\/180\/200 x 200 cm \u2013 tikrai suteikianti daug erdv\u0117s poilsiui. \u201eAudrey\u201c dizain\u0105 pary\u0161kina eleganti\u0161kas, auk\u0161tas, mink\u0161tos apdailos galv\u016bgalis, suteikiantis puiki\u0105 atram\u0105 poilsiui dienos metu. M\u016bs\u0173 lova si\u016bloma dviej\u0173 variant\u0173: su valcuotu mediniu r\u0117mu arba su metaliniu r\u0117mu su dujiniu liftu, kuriame yra erdvus patalyn\u0117s skyrius, kuris pakeliamas labai paprastai ir tyliai. Papildomas akcentas \u2013 baldai, kuriuos galima \u012fsigyti \u012fvairi\u0173 spalv\u0173, suteikiant jums laisv\u0119 susikurti savo miegam\u0105j\u012f savaip. \u201eAudrey\u201c yra savo klas\u0117je \u2013 patogumas, i\u0161vaizda, stilius... Svarbus bendras efektas, ir jis tiesiog tobulas!<\/p>","protected":false},"excerpt":{"rendered":"<p>\u201eAudrey\u201c \u2013 tai skoninga ir funkcionali klasikinio stiliaus lova, si\u016bloma keturi\u0173 dyd\u017ei\u0173: 140\/160\/180\/200 x 200 cm \u2013 tikrai suteikianti daug erdv\u0117s poilsiui. \u201eAudrey\u201c dizain\u0105 pary\u0161kina eleganti\u0161kas, auk\u0161tas galv\u016bgalis su mink\u0161ta apdaila, suteikiantis puiki\u0105 atram\u0105 poilsiui dienos metu. M\u016bs\u0173 lova si\u016bloma dviej\u0173 variant\u0173: su [\u2026]<\/p>","protected":false},"featured_media":9034,"comment_status":"open","ping_status":"open","template":"","meta":[],"product_brand":[],"product_cat":[505,1970,2012],"product_tag":[],"class_list":{"0":"post-9033","1":"product","2":"type-product","3":"status-publish","4":"has-post-thumbnail","6":"product_cat-bedroom-beds","7":"product_cat-beds-140x200","8":"product_cat-eltap","9":"pa_frame-material-wood","10":"pa_frame-material-type-pine","11":"pa_leg-color-undefined","12":"pa_leg-material-undefined","13":"pa_linen-box-undefined","14":"pa_main-color-dark-brown","15":"pa_main-color-beige","16":"pa_main-color-black","17":"pa_main-color-dark-blue","18":"pa_main-color-dark-gray","19":"pa_main-color-dark-green","20":"pa_main-color-dark-purple","21":"pa_main-color-gray","22":"pa_main-color-light-brown","23":"pa_main-color-red","24":"pa_main-color-white","25":"pa_main-color-yellow","26":"pa_price-group-prestige","27":"pa_price-group-classic","28":"pa_seat-depth-495","29":"pa_seat-width-509","30":"pa_sleep-function-yes","31":"pa_sleeping-area-length-498","32":"pa_sleeping-area-width-510","33":"pa_style-traditional","34":"pa_textile-dora-28","35":"pa_textile-dora-21","36":"pa_textile-dora-63","37":"pa_textile-dora-96","38":"pa_textile-kronos-19","39":"pa_textile-mat-velvet-68","40":"pa_textile-mat-velvet-99","41":"pa_textile-monolith-09","42":"pa_textile-monolith-29","43":"pa_textile-monolith-77","44":"pa_textile-monolith-84","45":"pa_textile-omega-13","46":"pa_textile-omega-68","47":"pa_textile-paros-02","48":"pa_textile-soft-11","49":"pa_textile-soft-17","50":"pa_upholstery-material-polyester","52":"first","53":"instock","54":"purchasable","55":"product-type-variable","56":"wvs-archive-product-wrapper"},"_links":{"self":[{"href":"https:\/\/baldumarket.lt\/lt\/wp-json\/wp\/v2\/product\/9033","targetHints":{"allow":["GET"]}}],"collection":[{"href":"https:\/\/baldumarket.lt\/lt\/wp-json\/wp\/v2\/product"}],"about":[{"href":"https:\/\/baldumarket.lt\/lt\/wp-json\/wp\/v2\/types\/product"}],"replies":[{"embeddable":true,"href":"https:\/\/baldumarket.lt\/lt\/wp-json\/wp\/v2\/comments?post=9033"}],"wp:featuredmedia":[{"embeddable":true,"href":"https:\/\/baldumarket.lt\/lt\/wp-json\/wp\/v2\/media\/9034"}],"wp:attachment":[{"href":"https:\/\/baldumarket.lt\/lt\/wp-json\/wp\/v2\/media?parent=9033"}],"wp:term":[{"taxonomy":"product_brand","embeddable":true,"href":"https:\/\/baldumarket.lt\/lt\/wp-json\/wp\/v2\/product_brand?post=9033"},{"taxonomy":"product_cat","embeddable":true,"href":"https:\/\/baldumarket.lt\/lt\/wp-json\/wp\/v2\/product_cat?post=9033"},{"taxonomy":"product_tag","embeddable":true,"href":"https:\/\/baldumarket.lt\/lt\/wp-json\/wp\/v2\/product_tag?post=9033"}],"curies":[{"name":"wp","href":"https:\/\/api.w.org\/{rel}","templated":true}]}}