{"id":90314,"date":"2025-12-05T01:25:43","date_gmt":"2025-12-04T22:25:43","guid":{"rendered":"https:\/\/baldumarket.lt\/product\/szafka-nocna-bukowa-sn120-buk-bielony\/"},"modified":"2026-02-04T00:07:46","modified_gmt":"2026-02-03T21:07:46","slug":"szafka-nocna-bukowa-sn120-buk-bielony","status":"publish","type":"product","link":"https:\/\/baldumarket.lt\/lt\/product\/szafka-nocna-bukowa-sn120-buk-bielony\/","title":{"rendered":"Buko naktinis staliukas SN120, balintas bukas"},"content":{"rendered":"<p>Laisvai pastatomas naktinis staliukas SN120, pagamintas i\u0161 tvirtos buko medienos, puikiai tinka moderniems miegamiesiems. \u0160is modelis pasi\u017eymi u\u017eapvalintais kra\u0161tais. Kartu su tos pa\u010dios serijos LK110 lova ir SN119 naktiniu staliuku galite sukurti komplekt\u0105, kuris puikiai papildys madingo, modernaus miegamojo interjer\u0105.<\/p>","protected":false},"excerpt":{"rendered":"<p>Laisvai pastatomas naktinis staliukas SN120, pagamintas i\u0161 tvirtos buko medienos, puikiai tinka moderniems miegamiesiems. \u0160is modelis pasi\u017eymi u\u017eapvalintais kra\u0161tais. Kartu su tos pa\u010dios serijos LK110 lova ir SN119 naktiniu staliuku galite sukurti komplekt\u0105, kuris puikiai papildys madingo, modernaus miegamojo interjer\u0105.<\/p>","protected":false},"featured_media":81861,"comment_status":"open","ping_status":"open","template":"","meta":[],"product_brand":[],"product_cat":[1176,2113],"product_tag":[],"class_list":{"0":"post-90314","1":"product","2":"type-product","3":"status-publish","4":"has-post-thumbnail","6":"product_cat-bedside-tables","7":"product_cat-drewmax","9":"first","10":"instock","11":"purchasable","12":"product-type-simple"},"_links":{"self":[{"href":"https:\/\/baldumarket.lt\/lt\/wp-json\/wp\/v2\/product\/90314","targetHints":{"allow":["GET"]}}],"collection":[{"href":"https:\/\/baldumarket.lt\/lt\/wp-json\/wp\/v2\/product"}],"about":[{"href":"https:\/\/baldumarket.lt\/lt\/wp-json\/wp\/v2\/types\/product"}],"replies":[{"embeddable":true,"href":"https:\/\/baldumarket.lt\/lt\/wp-json\/wp\/v2\/comments?post=90314"}],"wp:featuredmedia":[{"embeddable":true,"href":"https:\/\/baldumarket.lt\/lt\/wp-json\/wp\/v2\/media\/81861"}],"wp:attachment":[{"href":"https:\/\/baldumarket.lt\/lt\/wp-json\/wp\/v2\/media?parent=90314"}],"wp:term":[{"taxonomy":"product_brand","embeddable":true,"href":"https:\/\/baldumarket.lt\/lt\/wp-json\/wp\/v2\/product_brand?post=90314"},{"taxonomy":"product_cat","embeddable":true,"href":"https:\/\/baldumarket.lt\/lt\/wp-json\/wp\/v2\/product_cat?post=90314"},{"taxonomy":"product_tag","embeddable":true,"href":"https:\/\/baldumarket.lt\/lt\/wp-json\/wp\/v2\/product_tag?post=90314"}],"curies":[{"name":"wp","href":"https:\/\/api.w.org\/{rel}","templated":true}]}}