{"id":90303,"date":"2025-12-05T01:25:30","date_gmt":"2025-12-04T22:25:30","guid":{"rendered":"https:\/\/baldumarket.lt\/product\/szafka-nocna-bukowa-retro-sn131-buk-bielony\/"},"modified":"2026-02-04T00:07:49","modified_gmt":"2026-02-03T21:07:49","slug":"szafka-nocna-bukowa-retro-sn131-buk-bielony","status":"publish","type":"product","link":"https:\/\/baldumarket.lt\/lt\/product\/szafka-nocna-bukowa-retro-sn131-buk-bielony\/","title":{"rendered":"Buko naktinis staliukas RETRO SN131 balintas bukas"},"content":{"rendered":"<p>Paprastas SN131 naktinis staliukas buvo sukurtas galvojant apie klasikin\u012f interjer\u0105. Pagamintas i\u0161 tvirtos buko medienos, jis spinduliuoja paprastumu ir nesenstan\u010diu stiliumi. Unikalios kojel\u0117s suteikia \u017eavesio. Tod\u0117l jis puikiai tinka madingam, moderniam interjerui. Jis turi prakti\u0161kus stal\u010dius smulkiems daiktams laikyti. Naktinis staliukas taip pat yra su vienu stal\u010diumi \u2013 SN130.<\/p>\n<p>SN131 naktinis staliukas puikiai dera su kitais RETRO kolekcijos baldais.<\/p>\n<p>Matmenys: P50 x A59 x G35<\/p>","protected":false},"excerpt":{"rendered":"<p>Paprastas SN131 naktinis staliukas buvo sukurtas galvojant apie klasikin\u012f interjer\u0105. Pagamintas i\u0161 tvirtos buko medienos, jis spinduliuoja paprastum\u0105 ir nesenstant\u012f stili\u0173. Unikalios kojel\u0117s suteikia \u017eavesio. Tai puikiai tinka madingam, moderniam interjerui. Jis turi prakti\u0161kus stal\u010dius smulkiems daiktams laikyti. Naktinis staliukas taip pat yra su vienu stal\u010diumi [\u2026]<\/p>","protected":false},"featured_media":81843,"comment_status":"open","ping_status":"open","template":"","meta":[],"product_brand":[],"product_cat":[9312,1176,2113],"product_tag":[],"class_list":{"0":"post-90303","1":"product","2":"type-product","3":"status-publish","4":"has-post-thumbnail","6":"product_cat-retro-collection-drewmax","7":"product_cat-bedside-tables","8":"product_cat-drewmax","10":"first","11":"instock","12":"purchasable","13":"product-type-simple"},"_links":{"self":[{"href":"https:\/\/baldumarket.lt\/lt\/wp-json\/wp\/v2\/product\/90303","targetHints":{"allow":["GET"]}}],"collection":[{"href":"https:\/\/baldumarket.lt\/lt\/wp-json\/wp\/v2\/product"}],"about":[{"href":"https:\/\/baldumarket.lt\/lt\/wp-json\/wp\/v2\/types\/product"}],"replies":[{"embeddable":true,"href":"https:\/\/baldumarket.lt\/lt\/wp-json\/wp\/v2\/comments?post=90303"}],"wp:featuredmedia":[{"embeddable":true,"href":"https:\/\/baldumarket.lt\/lt\/wp-json\/wp\/v2\/media\/81843"}],"wp:attachment":[{"href":"https:\/\/baldumarket.lt\/lt\/wp-json\/wp\/v2\/media?parent=90303"}],"wp:term":[{"taxonomy":"product_brand","embeddable":true,"href":"https:\/\/baldumarket.lt\/lt\/wp-json\/wp\/v2\/product_brand?post=90303"},{"taxonomy":"product_cat","embeddable":true,"href":"https:\/\/baldumarket.lt\/lt\/wp-json\/wp\/v2\/product_cat?post=90303"},{"taxonomy":"product_tag","embeddable":true,"href":"https:\/\/baldumarket.lt\/lt\/wp-json\/wp\/v2\/product_tag?post=90303"}],"curies":[{"name":"wp","href":"https:\/\/api.w.org\/{rel}","templated":true}]}}