{"id":90302,"date":"2025-12-05T01:25:28","date_gmt":"2025-12-04T22:25:28","guid":{"rendered":"https:\/\/baldumarket.lt\/product\/szafka-nocna-bukowa-retro-sn130-buk-rustikal\/"},"modified":"2026-02-04T00:07:49","modified_gmt":"2026-02-03T21:07:49","slug":"szafka-nocna-bukowa-retro-sn130-buk-rustikal","status":"publish","type":"product","link":"https:\/\/baldumarket.lt\/lt\/product\/szafka-nocna-bukowa-retro-sn130-buk-rustikal\/","title":{"rendered":"Buko naktinis staliukas RETRO SN130 kaimi\u0161ko buko"},"content":{"rendered":"<p>Paprastas SN130 naktinis staliukas buvo sukurtas galvojant apie klasikin\u012f interjer\u0105. Pagamintas i\u0161 tvirtos buko medienos, jis pasi\u017eymi paprastu ir nesenstan\u010diu dizainu. Unikalios kojel\u0117s suteikia \u017eavesio. Tai puikiai tinka madingam, moderniam interjerui. Jis turi prakti\u0161k\u0105 stal\u010di\u0173 smulkiems daiktams laikyti. Naktinis staliukas taip pat yra su dviem stal\u010diais \u2013 SN131.<\/p>\n<p>Naktinis staliukas SN130 puikiai dera su kitais RETRO kolekcijos baldais.<\/p>\n<p>Matmenys: P50 x A41 x G35<\/p>","protected":false},"excerpt":{"rendered":"<p>Paprastas SN130 naktinis staliukas buvo sukurtas galvojant apie klasikin\u012f interjer\u0105. Pagamintas i\u0161 tvirtos buko medienos, jis pasi\u017eymi paprastu ir nesenstan\u010diu dizainu. Unikalios kojel\u0117s suteikia \u017eavesio. Tai puikiai papildo mading\u0105, modern\u0173 interjer\u0105. Jis turi prakti\u0161k\u0105 stal\u010di\u0173 smulkiems daiktams laikyti. Naktinis staliukas taip pat yra [\u2026]<\/p>","protected":false},"featured_media":81854,"comment_status":"open","ping_status":"open","template":"","meta":[],"product_brand":[],"product_cat":[9317,9312,1176,2113],"product_tag":[],"class_list":{"0":"post-90302","1":"product","2":"type-product","3":"status-publish","4":"has-post-thumbnail","6":"product_cat-collection-rustikal-drewmax","7":"product_cat-retro-collection-drewmax","8":"product_cat-bedside-tables","9":"product_cat-drewmax","11":"first","12":"instock","13":"purchasable","14":"product-type-simple"},"_links":{"self":[{"href":"https:\/\/baldumarket.lt\/lt\/wp-json\/wp\/v2\/product\/90302","targetHints":{"allow":["GET"]}}],"collection":[{"href":"https:\/\/baldumarket.lt\/lt\/wp-json\/wp\/v2\/product"}],"about":[{"href":"https:\/\/baldumarket.lt\/lt\/wp-json\/wp\/v2\/types\/product"}],"replies":[{"embeddable":true,"href":"https:\/\/baldumarket.lt\/lt\/wp-json\/wp\/v2\/comments?post=90302"}],"wp:featuredmedia":[{"embeddable":true,"href":"https:\/\/baldumarket.lt\/lt\/wp-json\/wp\/v2\/media\/81854"}],"wp:attachment":[{"href":"https:\/\/baldumarket.lt\/lt\/wp-json\/wp\/v2\/media?parent=90302"}],"wp:term":[{"taxonomy":"product_brand","embeddable":true,"href":"https:\/\/baldumarket.lt\/lt\/wp-json\/wp\/v2\/product_brand?post=90302"},{"taxonomy":"product_cat","embeddable":true,"href":"https:\/\/baldumarket.lt\/lt\/wp-json\/wp\/v2\/product_cat?post=90302"},{"taxonomy":"product_tag","embeddable":true,"href":"https:\/\/baldumarket.lt\/lt\/wp-json\/wp\/v2\/product_tag?post=90302"}],"curies":[{"name":"wp","href":"https:\/\/api.w.org\/{rel}","templated":true}]}}