{"id":90284,"date":"2025-12-05T01:25:06","date_gmt":"2025-12-04T22:25:06","guid":{"rendered":"https:\/\/baldumarket.lt\/product\/szafka-nocna-bukowa-modern-sn420-buk-cherry\/"},"modified":"2026-02-04T00:07:54","modified_gmt":"2026-02-03T21:07:54","slug":"szafka-nocna-bukowa-modern-sn420-buk-cherry","status":"publish","type":"product","link":"https:\/\/baldumarket.lt\/lt\/product\/szafka-nocna-bukowa-modern-sn420-buk-cherry\/","title":{"rendered":"Buko spalvos naktinis staliukas MODERN SN420 buko vy\u0161nios spalvos"},"content":{"rendered":"<p>Minimalistin\u0117s formos ir d\u0117mesio detal\u0117ms d\u0117ka naktinis staliukas SN420 puikiai dera prie madingo, modernaus stiliaus. Nepaisant ma\u017eo dyd\u017eio, jis turi du erdvius stal\u010dius be ranken\u0117li\u0173, puikiai tinkan\u010dius kosmetikai ar knygai laikyti. Nat\u016bralaus buko medienos, i\u0161 kurios jis pagamintas, \u0161iluma sukurs jauki\u0105 atmosfer\u0105 miegamajame. Ma\u017eas, bet gra\u017eus stalvir\u0161is \u2013 puiki vieta \u0161eimos nuotraukai ar dekoratyviniam naktiniam staliukui. Jis stovi ant auk\u0161t\u0173 medini\u0173 kojeli\u0173, kurios suteikia jam \u017eavesio.<\/p>","protected":false},"excerpt":{"rendered":"<p>Minimalistin\u0117s formos ir d\u0117mesio detal\u0117ms d\u0117ka naktinis staliukas SN420 puikiai dera prie madingo, modernaus stiliaus. Nepaisant ma\u017eo dyd\u017eio, jis turi du erdvius stal\u010dius be ranken\u0117li\u0173, puikiai tinkan\u010dius kosmetikai ar knygai laikyti. Nat\u016bralaus buko medienos, i\u0161 kurios jis pagamintas, \u0161iluma sukurs jauki\u0105 atmosfer\u0105 miegamajame. [\u2026]<\/p>","protected":false},"featured_media":81827,"comment_status":"open","ping_status":"open","template":"","meta":[],"product_brand":[],"product_cat":[9315,1176,2113],"product_tag":[],"class_list":{"0":"post-90284","1":"product","2":"type-product","3":"status-publish","4":"has-post-thumbnail","6":"product_cat-the-modern-collection-drewmax","7":"product_cat-bedside-tables","8":"product_cat-drewmax","10":"first","11":"instock","12":"purchasable","13":"product-type-simple"},"_links":{"self":[{"href":"https:\/\/baldumarket.lt\/lt\/wp-json\/wp\/v2\/product\/90284","targetHints":{"allow":["GET"]}}],"collection":[{"href":"https:\/\/baldumarket.lt\/lt\/wp-json\/wp\/v2\/product"}],"about":[{"href":"https:\/\/baldumarket.lt\/lt\/wp-json\/wp\/v2\/types\/product"}],"replies":[{"embeddable":true,"href":"https:\/\/baldumarket.lt\/lt\/wp-json\/wp\/v2\/comments?post=90284"}],"wp:featuredmedia":[{"embeddable":true,"href":"https:\/\/baldumarket.lt\/lt\/wp-json\/wp\/v2\/media\/81827"}],"wp:attachment":[{"href":"https:\/\/baldumarket.lt\/lt\/wp-json\/wp\/v2\/media?parent=90284"}],"wp:term":[{"taxonomy":"product_brand","embeddable":true,"href":"https:\/\/baldumarket.lt\/lt\/wp-json\/wp\/v2\/product_brand?post=90284"},{"taxonomy":"product_cat","embeddable":true,"href":"https:\/\/baldumarket.lt\/lt\/wp-json\/wp\/v2\/product_cat?post=90284"},{"taxonomy":"product_tag","embeddable":true,"href":"https:\/\/baldumarket.lt\/lt\/wp-json\/wp\/v2\/product_tag?post=90284"}],"curies":[{"name":"wp","href":"https:\/\/api.w.org\/{rel}","templated":true}]}}