{"id":90276,"date":"2025-12-05T01:24:53","date_gmt":"2025-12-04T22:24:53","guid":{"rendered":"https:\/\/baldumarket.lt\/product\/szafka-nocna-bukowa-modern-sn421-buk-rustikal\/"},"modified":"2026-02-04T00:07:55","modified_gmt":"2026-02-03T21:07:55","slug":"szafka-nocna-bukowa-modern-sn421-buk-rustikal","status":"publish","type":"product","link":"https:\/\/baldumarket.lt\/lt\/product\/szafka-nocna-bukowa-modern-sn421-buk-rustikal\/","title":{"rendered":"Buko naktinis staliukas MODERN SN421 kaimi\u0161ko buko"},"content":{"rendered":"<p>Minimalistin\u0117s formos ir d\u0117mesio detal\u0117ms d\u0117ka naktinis staliukas SN421 puikiai dera prie madingo, modernaus stiliaus. Nepaisant ma\u017eo dyd\u017eio, jis turi du erdvius stal\u010dius be ranken\u0117li\u0173, puikiai tinkan\u010dius kosmetikai ar knygai laikyti. Nat\u016bralaus buko medienos \u0161iluma sukuria jauki\u0105 atmosfer\u0105 miegamajame. Ma\u017eas, bet gra\u017eus stalvir\u0161is puikiai tinka \u0161eimos nuotraukai ar dekoratyvinei naktinio stalelio lemputei. Standarti\u0161kai jis turi ma\u017eas medines kojeles, kurios suteikia jam \u017eavesio. Papildomai galima \u012fsigyti 15 cm auk\u0161\u010dio metalines kojeles (NG003). Tai leid\u017eia lengvai ir visi\u0161kai pakeisti baldo charakter\u012f ir stili\u0173.<\/p>\n<p>SN421 naktinio stalelio kojeli\u0173 skai\u010dius:<\/p>\n<p>NG003 \u2013 4 vnt.<\/p>","protected":false},"excerpt":{"rendered":"<p>SN421 naktinis staliukas, d\u0117l minimalistin\u0117s formos ir d\u0117mesio detal\u0117ms, puikiai dera prie madingo, modernaus stiliaus. Nepaisant ma\u017eo dyd\u017eio, jis turi du erdvius stal\u010dius be ranken\u0117li\u0173, puikiai tinkan\u010dius kosmetikai ar knygai laikyti. Nat\u016bralaus buko medienos \u0161iluma sukuria jauki\u0105 atmosfer\u0105 miegamajame. Ma\u017eas, bet gra\u017eus stalvir\u0161is yra [\u2026]<\/p>","protected":false},"featured_media":81820,"comment_status":"open","ping_status":"open","template":"","meta":[],"product_brand":[],"product_cat":[9317,9315,1176,2113],"product_tag":[],"class_list":{"0":"post-90276","1":"product","2":"type-product","3":"status-publish","4":"has-post-thumbnail","6":"product_cat-collection-rustikal-drewmax","7":"product_cat-the-modern-collection-drewmax","8":"product_cat-bedside-tables","9":"product_cat-drewmax","11":"first","12":"instock","13":"purchasable","14":"product-type-simple"},"_links":{"self":[{"href":"https:\/\/baldumarket.lt\/lt\/wp-json\/wp\/v2\/product\/90276","targetHints":{"allow":["GET"]}}],"collection":[{"href":"https:\/\/baldumarket.lt\/lt\/wp-json\/wp\/v2\/product"}],"about":[{"href":"https:\/\/baldumarket.lt\/lt\/wp-json\/wp\/v2\/types\/product"}],"replies":[{"embeddable":true,"href":"https:\/\/baldumarket.lt\/lt\/wp-json\/wp\/v2\/comments?post=90276"}],"wp:featuredmedia":[{"embeddable":true,"href":"https:\/\/baldumarket.lt\/lt\/wp-json\/wp\/v2\/media\/81820"}],"wp:attachment":[{"href":"https:\/\/baldumarket.lt\/lt\/wp-json\/wp\/v2\/media?parent=90276"}],"wp:term":[{"taxonomy":"product_brand","embeddable":true,"href":"https:\/\/baldumarket.lt\/lt\/wp-json\/wp\/v2\/product_brand?post=90276"},{"taxonomy":"product_cat","embeddable":true,"href":"https:\/\/baldumarket.lt\/lt\/wp-json\/wp\/v2\/product_cat?post=90276"},{"taxonomy":"product_tag","embeddable":true,"href":"https:\/\/baldumarket.lt\/lt\/wp-json\/wp\/v2\/product_tag?post=90276"}],"curies":[{"name":"wp","href":"https:\/\/api.w.org\/{rel}","templated":true}]}}